{"id":9952,"date":"2023-08-25T16:50:48","date_gmt":"2023-08-25T16:50:48","guid":{"rendered":"https:\/\/goodbike2.goodbikestore.com\/shop\/?post_type=product&#038;p=9952"},"modified":"2023-08-25T16:50:54","modified_gmt":"2023-08-25T16:50:54","slug":"oliver-otto-jersey-sunrise-edicion-limitada-hombre","status":"publish","type":"product","link":"https:\/\/goodbike2.goodbikestore.com\/shop\/product\/oliver-otto-jersey-sunrise-edicion-limitada-hombre\/","title":{"rendered":"OLIVER OTTO JERSEY SUNRISE EDICI\u00d3N LIMITADA Hombre"},"content":{"rendered":"","protected":false},"excerpt":{"rendered":"<p id=\"tw-target-text\" class=\"tw-data-text tw-text-large tw-ta\" dir=\"ltr\" data-placeholder=\"Traducci\u00f3n\"><span class=\"Y2IQFc\" lang=\"es\">Jersey de ciclismo ultraligero, de mangas largas para protegerse del sol y dise\u00f1ado para respirar, est\u00e1 dise\u00f1ado para andar en condiciones de calor y humedad. El tejido de la parte delantera es suave, muy el\u00e1stico y se adapta a la forma de tu cuerpo. El tejido t\u00e9cnico se extiende por el panel superior de la espalda y las mangas, lo que deja libertad de movimiento y ventilaci\u00f3n. La malla en forma de abanico debajo del panel trasero inferior promueve el flujo de aire, lo que permite una regulaci\u00f3n \u00f3ptima de la temperatura. La pretina Marc italiana mantiene la camiseta en su lugar de forma segura.<\/span><\/p>\n<p dir=\"ltr\" data-placeholder=\"Traducci\u00f3n\">\u00a0 Caracter\u00edsticas<\/p>\n<ul>\n<li><span class=\"Y2IQFc\" lang=\"es\">Cuello de corte bajo.<\/span><\/li>\n<li><span class=\"Y2IQFc\" lang=\"es\">Bajo de las mangas sin costuras.<\/span><\/li>\n<li><span class=\"Y2IQFc\" lang=\"es\">Mangas montadas articuladas para un ajuste perfecto en la bici.<\/span><\/li>\n<li><span class=\"Y2IQFc\" lang=\"es\">Banda de cintura italiana Marc.<\/span><\/li>\n<li><span class=\"Y2IQFc\" lang=\"es\">Cremallera YKK vislon con tirador de icono de rayo.<\/span><\/li>\n<li><span class=\"Y2IQFc\" lang=\"es\">3 bolsillos traseros con un bolsillo extra de seguridad con cremallera.<\/span><\/li>\n<\/ul>\n","protected":false},"featured_media":9978,"comment_status":"open","ping_status":"closed","template":"","meta":{"nf_dc_page":""},"product_brand":[],"product_cat":[51,49,54,24,52,314,313,45,26],"product_tag":[315],"class_list":{"0":"post-9952","1":"product","2":"type-product","3":"status-publish","4":"has-post-thumbnail","6":"product_cat-hombre","7":"product_cat-jerseys","8":"product_cat-jerseys-ropa-y-outfit","9":"product_cat-marca","10":"product_cat-marca-ropa-y-outfit","11":"product_cat-oliver-otto-marca-ropa-y-outfit","12":"product_cat-oliver-otto","13":"product_cat-ropa-ciclismo","14":"product_cat-ropa-y-outfit","15":"product_tag-oliver-otto","17":"first","18":"instock","19":"taxable","20":"shipping-taxable","21":"product-type-variable"},"jetpack_sharing_enabled":true,"_links":{"self":[{"href":"https:\/\/goodbike2.goodbikestore.com\/shop\/wp-json\/wp\/v2\/product\/9952","targetHints":{"allow":["GET"]}}],"collection":[{"href":"https:\/\/goodbike2.goodbikestore.com\/shop\/wp-json\/wp\/v2\/product"}],"about":[{"href":"https:\/\/goodbike2.goodbikestore.com\/shop\/wp-json\/wp\/v2\/types\/product"}],"replies":[{"embeddable":true,"href":"https:\/\/goodbike2.goodbikestore.com\/shop\/wp-json\/wp\/v2\/comments?post=9952"}],"wp:featuredmedia":[{"embeddable":true,"href":"https:\/\/goodbike2.goodbikestore.com\/shop\/wp-json\/wp\/v2\/media\/9978"}],"wp:attachment":[{"href":"https:\/\/goodbike2.goodbikestore.com\/shop\/wp-json\/wp\/v2\/media?parent=9952"}],"wp:term":[{"taxonomy":"product_brand","embeddable":true,"href":"https:\/\/goodbike2.goodbikestore.com\/shop\/wp-json\/wp\/v2\/product_brand?post=9952"},{"taxonomy":"product_cat","embeddable":true,"href":"https:\/\/goodbike2.goodbikestore.com\/shop\/wp-json\/wp\/v2\/product_cat?post=9952"},{"taxonomy":"product_tag","embeddable":true,"href":"https:\/\/goodbike2.goodbikestore.com\/shop\/wp-json\/wp\/v2\/product_tag?post=9952"}],"curies":[{"name":"wp","href":"https:\/\/api.w.org\/{rel}","templated":true}]}}