{"id":9917,"date":"2023-08-25T16:50:29","date_gmt":"2023-08-25T16:50:29","guid":{"rendered":"https:\/\/goodbike2.goodbikestore.com\/shop\/?post_type=product&#038;p=9917"},"modified":"2023-08-25T16:50:40","modified_gmt":"2023-08-25T16:50:40","slug":"oliver-otto-jersey-cumulus-edicion-limitada-hombre","status":"publish","type":"product","link":"https:\/\/goodbike2.goodbikestore.com\/shop\/product\/oliver-otto-jersey-cumulus-edicion-limitada-hombre\/","title":{"rendered":"OLIVER OTTO JERSEY CUMULUS EDICI\u00d3N LIMITADA Hombre"},"content":{"rendered":"","protected":false},"excerpt":{"rendered":"<p id=\"tw-target-text\" class=\"tw-data-text tw-text-large tw-ta\" dir=\"ltr\" data-placeholder=\"Traducci\u00f3n\"><span class=\"Y2IQFc\" lang=\"es\">Construido para respirar, este maillot de ciclismo ligero est\u00e1 dise\u00f1ado para andar en condiciones de calor o humedad. El tejido exclusivo de primera calidad es suave en la parte delantera, muy el\u00e1stico y se adapta a la forma de tu cuerpo. <\/span><\/p>\n<p dir=\"ltr\" data-placeholder=\"Traducci\u00f3n\">\u00a0 \u00a0 Caracter\u00edsticas<\/p>\n<ul>\n<li dir=\"ltr\" data-placeholder=\"Traducci\u00f3n\">La tasa bacteriost\u00e1tica contra Staphylococcus aureus alcanza el 99,99 % con la ayuda de la fibra de carb\u00f3n de bamb\u00fa, que proporciona efectos antibacterianos y desodorantes.<\/li>\n<li dir=\"ltr\" data-placeholder=\"Traducci\u00f3n\">Bajo de las mangas sin costuras articulado para un ajuste perfecto.<\/li>\n<li dir=\"ltr\" data-placeholder=\"Traducci\u00f3n\">Cremallera YKK vislon con tirador de icono de rayo.<\/li>\n<li dir=\"ltr\" data-placeholder=\"Traducci\u00f3n\">3 bolsillos traseros reforzados con un bolsillo adicional de seguridad con cremallera.<\/li>\n<li dir=\"ltr\" data-placeholder=\"Traducci\u00f3n\">La malla en forma de abanico debajo del panel trasero inferior promueve el flujo de aire y permite una regulaci\u00f3n \u00f3ptima de la temperatura.<\/li>\n<li dir=\"ltr\" data-placeholder=\"Traducci\u00f3n\">La tela est\u00e1 creada para ser extremadamente transpirable, suave y c\u00f3moda, excelente elasticidad para adaptarse a las l\u00edneas del cuerpo.<\/li>\n<\/ul>\n","protected":false},"featured_media":9938,"comment_status":"open","ping_status":"closed","template":"","meta":{"nf_dc_page":""},"product_brand":[],"product_cat":[51,49,54,24,52,314,313,45,26],"product_tag":[315],"class_list":{"0":"post-9917","1":"product","2":"type-product","3":"status-publish","4":"has-post-thumbnail","6":"product_cat-hombre","7":"product_cat-jerseys","8":"product_cat-jerseys-ropa-y-outfit","9":"product_cat-marca","10":"product_cat-marca-ropa-y-outfit","11":"product_cat-oliver-otto-marca-ropa-y-outfit","12":"product_cat-oliver-otto","13":"product_cat-ropa-ciclismo","14":"product_cat-ropa-y-outfit","15":"product_tag-oliver-otto","17":"first","18":"instock","19":"taxable","20":"shipping-taxable","21":"product-type-variable"},"jetpack_sharing_enabled":true,"_links":{"self":[{"href":"https:\/\/goodbike2.goodbikestore.com\/shop\/wp-json\/wp\/v2\/product\/9917","targetHints":{"allow":["GET"]}}],"collection":[{"href":"https:\/\/goodbike2.goodbikestore.com\/shop\/wp-json\/wp\/v2\/product"}],"about":[{"href":"https:\/\/goodbike2.goodbikestore.com\/shop\/wp-json\/wp\/v2\/types\/product"}],"replies":[{"embeddable":true,"href":"https:\/\/goodbike2.goodbikestore.com\/shop\/wp-json\/wp\/v2\/comments?post=9917"}],"wp:featuredmedia":[{"embeddable":true,"href":"https:\/\/goodbike2.goodbikestore.com\/shop\/wp-json\/wp\/v2\/media\/9938"}],"wp:attachment":[{"href":"https:\/\/goodbike2.goodbikestore.com\/shop\/wp-json\/wp\/v2\/media?parent=9917"}],"wp:term":[{"taxonomy":"product_brand","embeddable":true,"href":"https:\/\/goodbike2.goodbikestore.com\/shop\/wp-json\/wp\/v2\/product_brand?post=9917"},{"taxonomy":"product_cat","embeddable":true,"href":"https:\/\/goodbike2.goodbikestore.com\/shop\/wp-json\/wp\/v2\/product_cat?post=9917"},{"taxonomy":"product_tag","embeddable":true,"href":"https:\/\/goodbike2.goodbikestore.com\/shop\/wp-json\/wp\/v2\/product_tag?post=9917"}],"curies":[{"name":"wp","href":"https:\/\/api.w.org\/{rel}","templated":true}]}}