{"id":9881,"date":"2023-08-25T16:50:04","date_gmt":"2023-08-25T16:50:04","guid":{"rendered":"https:\/\/goodbike2.goodbikestore.com\/shop\/?post_type=product&#038;p=9881"},"modified":"2023-08-25T16:50:24","modified_gmt":"2023-08-25T16:50:24","slug":"oliver-otto-jersey-amalfi-edicion-limitada-hombre","status":"publish","type":"product","link":"https:\/\/goodbike2.goodbikestore.com\/shop\/product\/oliver-otto-jersey-amalfi-edicion-limitada-hombre\/","title":{"rendered":"OLIVER OTTO JERSEY AMALFI EDICI\u00d3N LIMITADA Hombre"},"content":{"rendered":"","protected":false},"excerpt":{"rendered":"<p id=\"tw-target-text\" class=\"tw-data-text tw-text-large tw-ta\" dir=\"ltr\" data-placeholder=\"Traducci\u00f3n\"><span class=\"Y2IQFc\" lang=\"es\">Tejido de seda de leche: ligero y el\u00e1stico. Gran funci\u00f3n anti-uv. Tambi\u00e9n con tejido Micro-vent en el panel frontal y el panel lateral que es ligero y transpirable.<\/span><\/p>\n<p dir=\"ltr\" data-placeholder=\"Traducci\u00f3n\">\u00a0 \u00a0 \u00a0 Caracter\u00edsticas<\/p>\n<ul>\n<li><span class=\"Y2IQFc\" lang=\"es\">Tejido de microventilaci\u00f3n: panel frontal, panel lateral.<\/span><\/li>\n<li>Malla jacquard de poli\u00e9ster de gran elasticidad: debajo de la axila.<\/li>\n<li>Cremallera completa Lightning YKK.<\/li>\n<li>Ribete reflectante de alta visibilidad.<\/li>\n<li>Ribetes reflectantes de alta visibilidad: para aumentar la seguridad en la conducci\u00f3n nocturna.<\/li>\n<li>Cuerda el\u00e1stica cepillada con epoxi antideslizante Gripper en la parte inferior.<\/li>\n<\/ul>\n","protected":false},"featured_media":9911,"comment_status":"open","ping_status":"closed","template":"","meta":{"nf_dc_page":""},"product_brand":[],"product_cat":[51,49,54,24,52,313,314,45,26],"product_tag":[315],"class_list":{"0":"post-9881","1":"product","2":"type-product","3":"status-publish","4":"has-post-thumbnail","6":"product_cat-hombre","7":"product_cat-jerseys","8":"product_cat-jerseys-ropa-y-outfit","9":"product_cat-marca","10":"product_cat-marca-ropa-y-outfit","11":"product_cat-oliver-otto","12":"product_cat-oliver-otto-marca-ropa-y-outfit","13":"product_cat-ropa-ciclismo","14":"product_cat-ropa-y-outfit","15":"product_tag-oliver-otto","17":"first","18":"outofstock","19":"taxable","20":"shipping-taxable","21":"product-type-variable"},"jetpack_sharing_enabled":true,"_links":{"self":[{"href":"https:\/\/goodbike2.goodbikestore.com\/shop\/wp-json\/wp\/v2\/product\/9881","targetHints":{"allow":["GET"]}}],"collection":[{"href":"https:\/\/goodbike2.goodbikestore.com\/shop\/wp-json\/wp\/v2\/product"}],"about":[{"href":"https:\/\/goodbike2.goodbikestore.com\/shop\/wp-json\/wp\/v2\/types\/product"}],"replies":[{"embeddable":true,"href":"https:\/\/goodbike2.goodbikestore.com\/shop\/wp-json\/wp\/v2\/comments?post=9881"}],"wp:featuredmedia":[{"embeddable":true,"href":"https:\/\/goodbike2.goodbikestore.com\/shop\/wp-json\/wp\/v2\/media\/9911"}],"wp:attachment":[{"href":"https:\/\/goodbike2.goodbikestore.com\/shop\/wp-json\/wp\/v2\/media?parent=9881"}],"wp:term":[{"taxonomy":"product_brand","embeddable":true,"href":"https:\/\/goodbike2.goodbikestore.com\/shop\/wp-json\/wp\/v2\/product_brand?post=9881"},{"taxonomy":"product_cat","embeddable":true,"href":"https:\/\/goodbike2.goodbikestore.com\/shop\/wp-json\/wp\/v2\/product_cat?post=9881"},{"taxonomy":"product_tag","embeddable":true,"href":"https:\/\/goodbike2.goodbikestore.com\/shop\/wp-json\/wp\/v2\/product_tag?post=9881"}],"curies":[{"name":"wp","href":"https:\/\/api.w.org\/{rel}","templated":true}]}}