{"id":9853,"date":"2023-08-25T16:49:40","date_gmt":"2023-08-25T16:49:40","guid":{"rendered":"https:\/\/goodbike2.goodbikestore.com\/shop\/?post_type=product&#038;p=9853"},"modified":"2023-08-25T16:50:11","modified_gmt":"2023-08-25T16:50:11","slug":"bicicleta-cervelo-aspero-purple","status":"publish","type":"product","link":"https:\/\/goodbike2.goodbikestore.com\/shop\/product\/bicicleta-cervelo-aspero-purple\/","title":{"rendered":"Bicicleta cervelo aspero purple"},"content":{"rendered":"","protected":false},"excerpt":{"rendered":"<p style=\"text-align: center;\">Una bici construida sin l\u00edmites, para los ciclistas que buscan probarlos. Dise\u00f1amos \u00c1spero para una velocidad pura y sin complejos.\u00a0<span class=\"Y2IQFc\" lang=\"es\">Es r\u00edgida (r\u00edgida para carreras cl\u00e1sicas) y se comporta como si quisieras que una bicicleta de carretera se desempe\u00f1ara fuera de carretera. El flip-chip en la tijera, el Trail Mixer, mantiene constante la medida del sendero, ya sea que elija neum\u00e1ticos 700c o 650b.\u00a0<\/span><\/p>\n<p><b>\u00a0 \u00a0 Especificaciones\u00a0<\/b><\/p>\n<ul>\n<li>Cuadro: Cervelo Carbon.<\/li>\n<li>Tijera: Cervelo Carbon, Tapered con recorrido ajustable.<\/li>\n<li>Frenos: \u00a0Shimano GRX RX600 frenos de disco hidr\u00e1ulico.<\/li>\n<li>Desviador trasero: Shimano GRX 600 11-velocidades.<\/li>\n<li>Desviador delantero: Shimano GRX 600 11-velocidades.<\/li>\n<li>Cassette: Shimano 105 R7000, 11-velocidades, 11-34<\/li>\n<li>Crankset: Shimano GRX 600 46\/30<\/li>\n<li>Palancas: Shimano GRX 600 11-velocidades.<\/li>\n<li>Manubrio: Easton EA50 AX.<\/li>\n<\/ul>\n","protected":false},"featured_media":9899,"comment_status":"open","ping_status":"closed","template":"","meta":{"nf_dc_page":""},"product_brand":[],"product_cat":[220,287,311,24],"product_tag":[288],"class_list":{"0":"post-9853","1":"product","2":"type-product","3":"status-publish","4":"has-post-thumbnail","6":"product_cat-bicicletas","7":"product_cat-cervelo","8":"product_cat-gravel","9":"product_cat-marca","10":"product_tag-cervelo","12":"first","13":"instock","14":"taxable","15":"shipping-taxable","16":"product-type-variable"},"jetpack_sharing_enabled":true,"_links":{"self":[{"href":"https:\/\/goodbike2.goodbikestore.com\/shop\/wp-json\/wp\/v2\/product\/9853","targetHints":{"allow":["GET"]}}],"collection":[{"href":"https:\/\/goodbike2.goodbikestore.com\/shop\/wp-json\/wp\/v2\/product"}],"about":[{"href":"https:\/\/goodbike2.goodbikestore.com\/shop\/wp-json\/wp\/v2\/types\/product"}],"replies":[{"embeddable":true,"href":"https:\/\/goodbike2.goodbikestore.com\/shop\/wp-json\/wp\/v2\/comments?post=9853"}],"wp:featuredmedia":[{"embeddable":true,"href":"https:\/\/goodbike2.goodbikestore.com\/shop\/wp-json\/wp\/v2\/media\/9899"}],"wp:attachment":[{"href":"https:\/\/goodbike2.goodbikestore.com\/shop\/wp-json\/wp\/v2\/media?parent=9853"}],"wp:term":[{"taxonomy":"product_brand","embeddable":true,"href":"https:\/\/goodbike2.goodbikestore.com\/shop\/wp-json\/wp\/v2\/product_brand?post=9853"},{"taxonomy":"product_cat","embeddable":true,"href":"https:\/\/goodbike2.goodbikestore.com\/shop\/wp-json\/wp\/v2\/product_cat?post=9853"},{"taxonomy":"product_tag","embeddable":true,"href":"https:\/\/goodbike2.goodbikestore.com\/shop\/wp-json\/wp\/v2\/product_tag?post=9853"}],"curies":[{"name":"wp","href":"https:\/\/api.w.org\/{rel}","templated":true}]}}