{"id":9816,"date":"2023-08-25T16:49:15","date_gmt":"2023-08-25T16:49:15","guid":{"rendered":"https:\/\/goodbike2.goodbikestore.com\/shop\/?post_type=product&#038;p=9816"},"modified":"2023-08-25T16:49:45","modified_gmt":"2023-08-25T16:49:45","slug":"hammer-nutrition-barra-energetizante","status":"publish","type":"product","link":"https:\/\/goodbike2.goodbikestore.com\/shop\/product\/hammer-nutrition-barra-energetizante\/","title":{"rendered":"Hammer nutrition barra energetizante"},"content":{"rendered":"","protected":false},"excerpt":{"rendered":"<p>\u00daselo como una comida antes del ejercicio, despu\u00e9s del entrenamiento \/ recuperaci\u00f3n de la carrera o como bocadillo saludable en cualquier momento.<\/p>\n<p>Instrucciones de uso:<\/p>\n<p>Utilizadas ocasionalmente durante entrenamientos y carreras prolongadas, las Barras de Hammer son una opci\u00f3n ideal de alimentos s\u00f3lidos, que aumentan perfectamente los otros combustibles de Hammer Nutrition.<\/p>\n<p>Despu\u00e9s de los entrenamientos o las carreras, si se desea una comida s\u00f3lida, o cuando el uso de Recoverite no es pr\u00e1ctico, Hammer Bar es una excelente comida para despu\u00e9s del entrenamiento \/ carrera, que proporciona carbohidratos y prote\u00ednas de alta calidad en una proporci\u00f3n ideal de 3:1.<\/p>\n","protected":false},"featured_media":9862,"comment_status":"open","ping_status":"closed","template":"","meta":{"nf_dc_page":""},"product_brand":[],"product_cat":[307,289,290,24,306],"product_tag":[291],"class_list":{"0":"post-9816","1":"product","2":"type-product","3":"status-publish","4":"has-post-thumbnail","6":"product_cat-gel-y-barras","7":"product_cat-hammer","8":"product_cat-hammer-marca","9":"product_cat-marca","10":"product_cat-nutricion-gomitas","11":"product_tag-hammer","13":"first","14":"instock","15":"taxable","16":"shipping-taxable","17":"product-type-variable"},"jetpack_sharing_enabled":true,"_links":{"self":[{"href":"https:\/\/goodbike2.goodbikestore.com\/shop\/wp-json\/wp\/v2\/product\/9816","targetHints":{"allow":["GET"]}}],"collection":[{"href":"https:\/\/goodbike2.goodbikestore.com\/shop\/wp-json\/wp\/v2\/product"}],"about":[{"href":"https:\/\/goodbike2.goodbikestore.com\/shop\/wp-json\/wp\/v2\/types\/product"}],"replies":[{"embeddable":true,"href":"https:\/\/goodbike2.goodbikestore.com\/shop\/wp-json\/wp\/v2\/comments?post=9816"}],"wp:featuredmedia":[{"embeddable":true,"href":"https:\/\/goodbike2.goodbikestore.com\/shop\/wp-json\/wp\/v2\/media\/9862"}],"wp:attachment":[{"href":"https:\/\/goodbike2.goodbikestore.com\/shop\/wp-json\/wp\/v2\/media?parent=9816"}],"wp:term":[{"taxonomy":"product_brand","embeddable":true,"href":"https:\/\/goodbike2.goodbikestore.com\/shop\/wp-json\/wp\/v2\/product_brand?post=9816"},{"taxonomy":"product_cat","embeddable":true,"href":"https:\/\/goodbike2.goodbikestore.com\/shop\/wp-json\/wp\/v2\/product_cat?post=9816"},{"taxonomy":"product_tag","embeddable":true,"href":"https:\/\/goodbike2.goodbikestore.com\/shop\/wp-json\/wp\/v2\/product_tag?post=9816"}],"curies":[{"name":"wp","href":"https:\/\/api.w.org\/{rel}","templated":true}]}}