{"id":9810,"date":"2023-08-25T16:49:15","date_gmt":"2023-08-25T16:49:15","guid":{"rendered":"https:\/\/goodbike2.goodbikestore.com\/shop\/?post_type=product&#038;p=9810"},"modified":"2023-08-25T16:49:34","modified_gmt":"2023-08-25T16:49:34","slug":"fox-visores-de-montana-vue-mach-one-flo","status":"publish","type":"product","link":"https:\/\/goodbike2.goodbikestore.com\/shop\/product\/fox-visores-de-montana-vue-mach-one-flo\/","title":{"rendered":"FOX VISORES DE MONTA\u00d1A VUE MACH ONE FLO"},"content":{"rendered":"","protected":false},"excerpt":{"rendered":"<p style=\"text-align: center;\">Para crear los goggles VUE contamos con la colaboraci\u00f3n de nuestros pilotos MX de \u00e9lite, como Ken Roczen. Su dise\u00f1o es el resultado de horas y horas de investigaci\u00f3n, desarrollo y pruebas hasta lograr unas prestaciones dignas de los mejores campeones. La calidad de la visi\u00f3n depende del cristal con el que se mira, as\u00ed que equipamos los Vue con unas micas de policarbonato moldeado por inyecci\u00f3n. Esta mica precurvada asegura una incre\u00edble nitidez y aporta un mayor nivel de resistencia a los impactos para protegerte de todas esas sorpresas que te esperan por el camino.<\/p>\n<p style=\"text-align: center;\">Los Vue incorporan una novedosa soluci\u00f3n para quitar la mica. Esta nueva tecnolog\u00eda utiliza un sistema de desbloqueo mediante giro para quitar el armaz\u00f3n exterior y cambiar la mica con total comodidad.<\/p>\n","protected":false},"featured_media":9839,"comment_status":"open","ping_status":"closed","template":"","meta":{"nf_dc_page":""},"product_brand":[],"product_cat":[41,47,26],"product_tag":[43],"class_list":{"0":"post-9810","1":"product","2":"type-product","3":"status-publish","4":"has-post-thumbnail","6":"product_cat-basicos","7":"product_cat-lentes","8":"product_cat-ropa-y-outfit","9":"product_tag-fox","11":"first","12":"instock","13":"taxable","14":"shipping-taxable","15":"product-type-variable"},"jetpack_sharing_enabled":true,"_links":{"self":[{"href":"https:\/\/goodbike2.goodbikestore.com\/shop\/wp-json\/wp\/v2\/product\/9810","targetHints":{"allow":["GET"]}}],"collection":[{"href":"https:\/\/goodbike2.goodbikestore.com\/shop\/wp-json\/wp\/v2\/product"}],"about":[{"href":"https:\/\/goodbike2.goodbikestore.com\/shop\/wp-json\/wp\/v2\/types\/product"}],"replies":[{"embeddable":true,"href":"https:\/\/goodbike2.goodbikestore.com\/shop\/wp-json\/wp\/v2\/comments?post=9810"}],"wp:featuredmedia":[{"embeddable":true,"href":"https:\/\/goodbike2.goodbikestore.com\/shop\/wp-json\/wp\/v2\/media\/9839"}],"wp:attachment":[{"href":"https:\/\/goodbike2.goodbikestore.com\/shop\/wp-json\/wp\/v2\/media?parent=9810"}],"wp:term":[{"taxonomy":"product_brand","embeddable":true,"href":"https:\/\/goodbike2.goodbikestore.com\/shop\/wp-json\/wp\/v2\/product_brand?post=9810"},{"taxonomy":"product_cat","embeddable":true,"href":"https:\/\/goodbike2.goodbikestore.com\/shop\/wp-json\/wp\/v2\/product_cat?post=9810"},{"taxonomy":"product_tag","embeddable":true,"href":"https:\/\/goodbike2.goodbikestore.com\/shop\/wp-json\/wp\/v2\/product_tag?post=9810"}],"curies":[{"name":"wp","href":"https:\/\/api.w.org\/{rel}","templated":true}]}}