{"id":9809,"date":"2023-08-25T16:49:15","date_gmt":"2023-08-25T16:49:15","guid":{"rendered":"https:\/\/goodbike2.goodbikestore.com\/shop\/?post_type=product&#038;p=9809"},"modified":"2023-08-25T16:49:33","modified_gmt":"2023-08-25T16:49:33","slug":"fox-visores-de-montana-vue-rigz-flo","status":"publish","type":"product","link":"https:\/\/goodbike2.goodbikestore.com\/shop\/product\/fox-visores-de-montana-vue-rigz-flo\/","title":{"rendered":"FOX VISORES DE MONTA\u00d1A VUE RIGZ FLO"},"content":{"rendered":"","protected":false},"excerpt":{"rendered":"<p style=\"text-align: center;\">Lente de policarbonato precurvada moldeada por inyecci\u00f3n que proporciona una claridad \u00f3ptica superior y protecci\u00f3n contra impactos de rostro. La lente tambi\u00e9n est\u00e1 tratada contra niebla y ofrece protecci\u00f3n UVA y UVB.<\/p>\n<p style=\"text-align: center;\"><span class=\"a-list-item\">La amplia vista proporciona una visi\u00f3n perif\u00e9rica excepcional y el sistema TruLock hace que el reemplazo de la lente sea r\u00e1pido y f\u00e1cil.<\/span><\/p>\n<p style=\"text-align: center;\">a ventilaci\u00f3n 360 optimiza el flujo de aire manteni\u00e9ndote fresco y reduce el empa\u00f1amiento, mientras que la correa de 45 mm con respaldo de silicona proporciona un agarre superior del casco.<\/p>\n","protected":false},"featured_media":9838,"comment_status":"open","ping_status":"closed","template":"","meta":{"nf_dc_page":""},"product_brand":[],"product_cat":[41,25,47,24,26],"product_tag":[43],"class_list":{"0":"post-9809","1":"product","2":"type-product","3":"status-publish","4":"has-post-thumbnail","6":"product_cat-basicos","7":"product_cat-fox","8":"product_cat-lentes","9":"product_cat-marca","10":"product_cat-ropa-y-outfit","11":"product_tag-fox","13":"first","14":"instock","15":"taxable","16":"shipping-taxable","17":"product-type-variable"},"jetpack_sharing_enabled":true,"_links":{"self":[{"href":"https:\/\/goodbike2.goodbikestore.com\/shop\/wp-json\/wp\/v2\/product\/9809","targetHints":{"allow":["GET"]}}],"collection":[{"href":"https:\/\/goodbike2.goodbikestore.com\/shop\/wp-json\/wp\/v2\/product"}],"about":[{"href":"https:\/\/goodbike2.goodbikestore.com\/shop\/wp-json\/wp\/v2\/types\/product"}],"replies":[{"embeddable":true,"href":"https:\/\/goodbike2.goodbikestore.com\/shop\/wp-json\/wp\/v2\/comments?post=9809"}],"wp:featuredmedia":[{"embeddable":true,"href":"https:\/\/goodbike2.goodbikestore.com\/shop\/wp-json\/wp\/v2\/media\/9838"}],"wp:attachment":[{"href":"https:\/\/goodbike2.goodbikestore.com\/shop\/wp-json\/wp\/v2\/media?parent=9809"}],"wp:term":[{"taxonomy":"product_brand","embeddable":true,"href":"https:\/\/goodbike2.goodbikestore.com\/shop\/wp-json\/wp\/v2\/product_brand?post=9809"},{"taxonomy":"product_cat","embeddable":true,"href":"https:\/\/goodbike2.goodbikestore.com\/shop\/wp-json\/wp\/v2\/product_cat?post=9809"},{"taxonomy":"product_tag","embeddable":true,"href":"https:\/\/goodbike2.goodbikestore.com\/shop\/wp-json\/wp\/v2\/product_tag?post=9809"}],"curies":[{"name":"wp","href":"https:\/\/api.w.org\/{rel}","templated":true}]}}