{"id":9790,"date":"2023-08-25T16:48:52","date_gmt":"2023-08-25T16:48:52","guid":{"rendered":"https:\/\/goodbike2.goodbikestore.com\/shop\/?post_type=product&#038;p=9790"},"modified":"2023-08-25T16:49:29","modified_gmt":"2023-08-25T16:49:29","slug":"fox-casco-de-montana-navy-rpc-helmet-daiz","status":"publish","type":"product","link":"https:\/\/goodbike2.goodbikestore.com\/shop\/product\/fox-casco-de-montana-navy-rpc-helmet-daiz\/","title":{"rendered":"FOX CASCO DE MONTA\u00d1A (NAVY) RPC HELMET DAIZ"},"content":{"rendered":"","protected":false},"excerpt":{"rendered":"<p style=\"text-align: center;\">La historia del RPC viene marcada por sus innovaciones t\u00e9cnicas y su larga trayectoria en la Copa del Mundo de Descenso de la UCI,\u00a0 mejora la ventilaci\u00f3n y cuenta con sistema doble de gesti\u00f3n de las fuerzas rotativas. Un modelo listo para dominar la monta\u00f1a gracias al trabajo de dise\u00f1o de cient\u00edficos de talla mundial, puesto a prueba y perfeccionado por los corredores m\u00e1s r\u00e1pidos del planeta.<\/p>\n","protected":false},"featured_media":9832,"comment_status":"open","ping_status":"closed","template":"","meta":{"nf_dc_page":""},"product_brand":[],"product_cat":[72,25,24,26],"product_tag":[43],"class_list":{"0":"post-9790","1":"product","2":"type-product","3":"status-publish","4":"has-post-thumbnail","6":"product_cat-cascos","7":"product_cat-fox","8":"product_cat-marca","9":"product_cat-ropa-y-outfit","10":"product_tag-fox","12":"first","13":"outofstock","14":"taxable","15":"shipping-taxable","16":"product-type-variable"},"jetpack_sharing_enabled":true,"_links":{"self":[{"href":"https:\/\/goodbike2.goodbikestore.com\/shop\/wp-json\/wp\/v2\/product\/9790","targetHints":{"allow":["GET"]}}],"collection":[{"href":"https:\/\/goodbike2.goodbikestore.com\/shop\/wp-json\/wp\/v2\/product"}],"about":[{"href":"https:\/\/goodbike2.goodbikestore.com\/shop\/wp-json\/wp\/v2\/types\/product"}],"replies":[{"embeddable":true,"href":"https:\/\/goodbike2.goodbikestore.com\/shop\/wp-json\/wp\/v2\/comments?post=9790"}],"wp:featuredmedia":[{"embeddable":true,"href":"https:\/\/goodbike2.goodbikestore.com\/shop\/wp-json\/wp\/v2\/media\/9832"}],"wp:attachment":[{"href":"https:\/\/goodbike2.goodbikestore.com\/shop\/wp-json\/wp\/v2\/media?parent=9790"}],"wp:term":[{"taxonomy":"product_brand","embeddable":true,"href":"https:\/\/goodbike2.goodbikestore.com\/shop\/wp-json\/wp\/v2\/product_brand?post=9790"},{"taxonomy":"product_cat","embeddable":true,"href":"https:\/\/goodbike2.goodbikestore.com\/shop\/wp-json\/wp\/v2\/product_cat?post=9790"},{"taxonomy":"product_tag","embeddable":true,"href":"https:\/\/goodbike2.goodbikestore.com\/shop\/wp-json\/wp\/v2\/product_tag?post=9790"}],"curies":[{"name":"wp","href":"https:\/\/api.w.org\/{rel}","templated":true}]}}