{"id":9641,"date":"2023-08-25T16:47:12","date_gmt":"2023-08-25T16:47:12","guid":{"rendered":"https:\/\/goodbike2.goodbikestore.com\/shop\/?post_type=product&#038;p=9641"},"modified":"2023-08-25T16:47:22","modified_gmt":"2023-08-25T16:47:22","slug":"playera-fox-ranger-dr-manga-3-4","status":"publish","type":"product","link":"https:\/\/goodbike2.goodbikestore.com\/shop\/product\/playera-fox-ranger-dr-manga-3-4\/","title":{"rendered":"PLAYERA FOX RANGER DR MANGA 3\/4"},"content":{"rendered":"","protected":false},"excerpt":{"rendered":"<p style=\"text-align: center;\">Disfruta de las dos ruedas donde quieras. El Jersey t\u00e9cnico Ranger drirelease 3\/4 tiene un tacto muy suave y un corte holgado que se combinan con la tecnolog\u00eda de evacuaci\u00f3n de la humedad m\u00e1s avanzada. Gracias al tejido drirelease, este jersey t\u00e9cnico evacua el sudor, seca r\u00e1pidamente y evita el mal olor para que puedas disfrutar de la bici durante el descanso para comer y volver despu\u00e9s a trabajar sin tener que cambiarte.<\/p>\n","protected":false},"featured_media":9662,"comment_status":"open","ping_status":"closed","template":"","meta":{"nf_dc_page":""},"product_brand":[],"product_cat":[271,49,45,26],"product_tag":[43],"class_list":{"0":"post-9641","1":"product","2":"type-product","3":"status-publish","4":"has-post-thumbnail","6":"product_cat-fox-marca-ropa-y-outfit","7":"product_cat-jerseys","8":"product_cat-ropa-ciclismo","9":"product_cat-ropa-y-outfit","10":"product_tag-fox","12":"first","13":"outofstock","14":"taxable","15":"shipping-taxable","16":"product-type-variable"},"jetpack_sharing_enabled":true,"_links":{"self":[{"href":"https:\/\/goodbike2.goodbikestore.com\/shop\/wp-json\/wp\/v2\/product\/9641","targetHints":{"allow":["GET"]}}],"collection":[{"href":"https:\/\/goodbike2.goodbikestore.com\/shop\/wp-json\/wp\/v2\/product"}],"about":[{"href":"https:\/\/goodbike2.goodbikestore.com\/shop\/wp-json\/wp\/v2\/types\/product"}],"replies":[{"embeddable":true,"href":"https:\/\/goodbike2.goodbikestore.com\/shop\/wp-json\/wp\/v2\/comments?post=9641"}],"wp:featuredmedia":[{"embeddable":true,"href":"https:\/\/goodbike2.goodbikestore.com\/shop\/wp-json\/wp\/v2\/media\/9662"}],"wp:attachment":[{"href":"https:\/\/goodbike2.goodbikestore.com\/shop\/wp-json\/wp\/v2\/media?parent=9641"}],"wp:term":[{"taxonomy":"product_brand","embeddable":true,"href":"https:\/\/goodbike2.goodbikestore.com\/shop\/wp-json\/wp\/v2\/product_brand?post=9641"},{"taxonomy":"product_cat","embeddable":true,"href":"https:\/\/goodbike2.goodbikestore.com\/shop\/wp-json\/wp\/v2\/product_cat?post=9641"},{"taxonomy":"product_tag","embeddable":true,"href":"https:\/\/goodbike2.goodbikestore.com\/shop\/wp-json\/wp\/v2\/product_tag?post=9641"}],"curies":[{"name":"wp","href":"https:\/\/api.w.org\/{rel}","templated":true}]}}