{"id":9573,"date":"2023-08-25T16:46:22","date_gmt":"2023-08-25T16:46:22","guid":{"rendered":"https:\/\/goodbike2.goodbikestore.com\/shop\/?post_type=product&#038;p=9573"},"modified":"2023-08-25T16:46:55","modified_gmt":"2023-08-25T16:46:55","slug":"wahoo-reloj-multideportivo-gps-elemnt-rival","status":"publish","type":"product","link":"https:\/\/goodbike2.goodbikestore.com\/shop\/product\/wahoo-reloj-multideportivo-gps-elemnt-rival\/","title":{"rendered":"WAHOO RELOJ MULTIDEPORTIVO GPS Elemnt Rival"},"content":{"rendered":"","protected":false},"excerpt":{"rendered":"<div class=\"product-details-content\">\n<p style=\"text-align: center;\">El reloj multideporte ELEMNT RIVAL te permite centrarte en tu rendimiento, no en tu equipo. Gracias al intuitivo sistema operativo de ELEMNT, el reloj inteligente GPS RIVAL ofrece una experiencia de usuario sencilla. Las caracter\u00edsticas multideporte, como transiciones sin contacto, transferencia multideporte y Perfect View Zoom, crean una ventaja de rendimiento sin complicaciones, tanto a la hora de entrenar como de competir. Dise\u00f1ado con una pantalla de color de 64\u00a0bits, un bisel de cer\u00e1mica y una lente de Gorilla Glass, el reloj inteligente ELEMNT RIVAL no solo queda genial para un uso diario sino que tambi\u00e9n resistir\u00e1 sus entrenamientos m\u00e1s duros.<\/p>\n<\/div>\n<div class=\"add-to-box\">\n<div class=\"product-add-form\">\n<div id=\"product-options-wrapper\" class=\"product-options-wrapper\" data-hasrequired=\"* Required Fields\">\n<div class=\"fieldset\" tabindex=\"0\">\n<div class=\"field configurable required\"><\/div>\n<\/div>\n<\/div>\n<\/div>\n<\/div>\n","protected":false},"featured_media":9618,"comment_status":"open","ping_status":"closed","template":"","meta":{"nf_dc_page":""},"product_brand":[],"product_cat":[300,24,301,302],"product_tag":[303],"class_list":{"0":"post-9573","1":"product","2":"type-product","3":"status-publish","4":"has-post-thumbnail","6":"product_cat-entrenadores-y-electronicos","7":"product_cat-marca","8":"product_cat-relojes","9":"product_cat-wahoo","10":"product_tag-wahoo","12":"first","13":"instock","14":"taxable","15":"shipping-taxable","16":"product-type-variable"},"jetpack_sharing_enabled":true,"_links":{"self":[{"href":"https:\/\/goodbike2.goodbikestore.com\/shop\/wp-json\/wp\/v2\/product\/9573","targetHints":{"allow":["GET"]}}],"collection":[{"href":"https:\/\/goodbike2.goodbikestore.com\/shop\/wp-json\/wp\/v2\/product"}],"about":[{"href":"https:\/\/goodbike2.goodbikestore.com\/shop\/wp-json\/wp\/v2\/types\/product"}],"replies":[{"embeddable":true,"href":"https:\/\/goodbike2.goodbikestore.com\/shop\/wp-json\/wp\/v2\/comments?post=9573"}],"wp:featuredmedia":[{"embeddable":true,"href":"https:\/\/goodbike2.goodbikestore.com\/shop\/wp-json\/wp\/v2\/media\/9618"}],"wp:attachment":[{"href":"https:\/\/goodbike2.goodbikestore.com\/shop\/wp-json\/wp\/v2\/media?parent=9573"}],"wp:term":[{"taxonomy":"product_brand","embeddable":true,"href":"https:\/\/goodbike2.goodbikestore.com\/shop\/wp-json\/wp\/v2\/product_brand?post=9573"},{"taxonomy":"product_cat","embeddable":true,"href":"https:\/\/goodbike2.goodbikestore.com\/shop\/wp-json\/wp\/v2\/product_cat?post=9573"},{"taxonomy":"product_tag","embeddable":true,"href":"https:\/\/goodbike2.goodbikestore.com\/shop\/wp-json\/wp\/v2\/product_tag?post=9573"}],"curies":[{"name":"wp","href":"https:\/\/api.w.org\/{rel}","templated":true}]}}