{"id":9569,"date":"2023-08-25T16:46:22","date_gmt":"2023-08-25T16:46:22","guid":{"rendered":"https:\/\/goodbike2.goodbikestore.com\/shop\/?post_type=product&#038;p=9569"},"modified":"2023-08-25T16:46:50","modified_gmt":"2023-08-25T16:46:50","slug":"bicicleta-orbea-alma-r29","status":"publish","type":"product","link":"https:\/\/goodbike2.goodbikestore.com\/shop\/product\/bicicleta-orbea-alma-r29\/","title":{"rendered":"Bicicleta orbea alma r29"},"content":{"rendered":"","protected":false},"excerpt":{"rendered":"<p style=\"text-align: center;\">El margen de mejora se esconde en cualquier lugar y la obsesi\u00f3n es parte del juego. \u00bfCu\u00e1nto de lejos es Demasiado Lejos? En la medida en la que hemos tenido objetivos, esp\u00edritu competitivo y creativo, nos hemos esforzado en ganar. Una vez que saboreas el triunfo, ser el mejor se convierte en una obsesi\u00f3n. Lo sientes en tu coraz\u00f3n, pulmones y piernas; puedes percibirlo en nuestras bicis. Solamente sudando hasta el m\u00e1s m\u00ednimo detalle y superando los l\u00edmites de lo posible puedes alcanzar los objetivos definitivos. La mitad inferior del cuadro soporta la inmensa mayor\u00eda de las cargas de torsi\u00f3n y laterales. Por ello, hemos dise\u00f1ado el tubo de direcci\u00f3n, el tubo horizontal y las vainas para que resistan estas cargas y transmitan potencia a la rueda trasera<\/p>\n<p><b>\u00a0 \u00a0Especificaciones\u00a0<\/b><\/p>\n<ul>\n<li>Cuadro: Orbea Alma Carbon OMR.<\/li>\n<li>Suspensi\u00f3n: RockShox Judy Silver Air 100 mm.<\/li>\n<li>Frenos: Shimano MT201, frenos de disco hidr\u00e1ulicos.<\/li>\n<li>Cassette: Sram PG-1230 Eagle 11-50t 12-velocidades.<\/li>\n<li>Crankset: Sram Stylo 6K Eagle Dub Boost 32t.<\/li>\n<li>Palancas: Sram GX Eagle.<\/li>\n<li>Manubrio: OC1 Flat 31.8mm 740mm.<\/li>\n<\/ul>\n","protected":false},"featured_media":9614,"comment_status":"open","ping_status":"closed","template":"","meta":{"nf_dc_page":""},"product_brand":[],"product_cat":[220,24,228,244],"product_tag":[245],"class_list":{"0":"post-9569","1":"product","2":"type-product","3":"status-publish","4":"has-post-thumbnail","6":"product_cat-bicicletas","7":"product_cat-marca","8":"product_cat-mtb-bicicletas","9":"product_cat-orbea","10":"product_tag-orbea","12":"first","13":"outofstock","14":"taxable","15":"shipping-taxable","16":"product-type-variable"},"jetpack_sharing_enabled":true,"_links":{"self":[{"href":"https:\/\/goodbike2.goodbikestore.com\/shop\/wp-json\/wp\/v2\/product\/9569","targetHints":{"allow":["GET"]}}],"collection":[{"href":"https:\/\/goodbike2.goodbikestore.com\/shop\/wp-json\/wp\/v2\/product"}],"about":[{"href":"https:\/\/goodbike2.goodbikestore.com\/shop\/wp-json\/wp\/v2\/types\/product"}],"replies":[{"embeddable":true,"href":"https:\/\/goodbike2.goodbikestore.com\/shop\/wp-json\/wp\/v2\/comments?post=9569"}],"wp:featuredmedia":[{"embeddable":true,"href":"https:\/\/goodbike2.goodbikestore.com\/shop\/wp-json\/wp\/v2\/media\/9614"}],"wp:attachment":[{"href":"https:\/\/goodbike2.goodbikestore.com\/shop\/wp-json\/wp\/v2\/media?parent=9569"}],"wp:term":[{"taxonomy":"product_brand","embeddable":true,"href":"https:\/\/goodbike2.goodbikestore.com\/shop\/wp-json\/wp\/v2\/product_brand?post=9569"},{"taxonomy":"product_cat","embeddable":true,"href":"https:\/\/goodbike2.goodbikestore.com\/shop\/wp-json\/wp\/v2\/product_cat?post=9569"},{"taxonomy":"product_tag","embeddable":true,"href":"https:\/\/goodbike2.goodbikestore.com\/shop\/wp-json\/wp\/v2\/product_tag?post=9569"}],"curies":[{"name":"wp","href":"https:\/\/api.w.org\/{rel}","templated":true}]}}