{"id":9568,"date":"2023-08-25T16:46:22","date_gmt":"2023-08-25T16:46:22","guid":{"rendered":"https:\/\/goodbike2.goodbikestore.com\/shop\/?post_type=product&#038;p=9568"},"modified":"2023-08-25T16:46:49","modified_gmt":"2023-08-25T16:46:49","slug":"bicicleta-orbea-gain-urban-d30-e-bike","status":"publish","type":"product","link":"https:\/\/goodbike2.goodbikestore.com\/shop\/product\/bicicleta-orbea-gain-urban-d30-e-bike\/","title":{"rendered":"Bicicleta orbea gain urban d30 e-bike"},"content":{"rendered":"","protected":false},"excerpt":{"rendered":"<p style=\"text-align: center;\">Hemos dise\u00f1ado Gain para mejorar tus salidas, no para dominarlas. El concepto Enough Power ha dado lugar a una bici excepcionalmente ligera, deportiva y manejable: una m\u00e1quina que responde a la llamada del asfalto.<br \/>\nCada gota de tu sudor, cada pedalada, encienden a la Gain ayud\u00e1ndote a sumar kil\u00f3metros. Sus interfaces perfectamente integradas son modernas e intuitivas. La bicicleta est\u00e1 pensada para potenciar tu experiencia, hemos minimizado las distracciones para que solo quedes t\u00fa, Gain y horas de carretera por delante.<\/p>\n<p><b>\u00a0 \u00a0Especificaciones\u00a0<\/b><\/p>\n<ul>\n<li>Cuadro: Aluminio<\/li>\n<li>Tijera: Gain Hydro carbon, full carbon.<\/li>\n<li>Frenos: Shimano 105, frenos de disco hidr\u00e1ulicos.<\/li>\n<li>Crankset: 105 11-velocidades.<\/li>\n<li>Cassette: Shimano 105 R7000 11-32t 11-velocidades.<\/li>\n<li>Palancas: Shimano ST-7020<\/li>\n<li>Bateria: Ebikemotion 36V\/6.9A 248Wh ANT+<\/li>\n<\/ul>\n","protected":false},"featured_media":9611,"comment_status":"open","ping_status":"closed","template":"","meta":{"nf_dc_page":""},"product_brand":[],"product_cat":[220,283,24,244,227],"product_tag":[245],"class_list":{"0":"post-9568","1":"product","2":"type-product","3":"status-publish","4":"has-post-thumbnail","6":"product_cat-bicicletas","7":"product_cat-electricas","8":"product_cat-marca","9":"product_cat-orbea","10":"product_cat-ruta-bicicletas","11":"product_tag-orbea","13":"first","14":"instock","15":"taxable","16":"shipping-taxable","17":"product-type-variable"},"jetpack_sharing_enabled":true,"_links":{"self":[{"href":"https:\/\/goodbike2.goodbikestore.com\/shop\/wp-json\/wp\/v2\/product\/9568","targetHints":{"allow":["GET"]}}],"collection":[{"href":"https:\/\/goodbike2.goodbikestore.com\/shop\/wp-json\/wp\/v2\/product"}],"about":[{"href":"https:\/\/goodbike2.goodbikestore.com\/shop\/wp-json\/wp\/v2\/types\/product"}],"replies":[{"embeddable":true,"href":"https:\/\/goodbike2.goodbikestore.com\/shop\/wp-json\/wp\/v2\/comments?post=9568"}],"wp:featuredmedia":[{"embeddable":true,"href":"https:\/\/goodbike2.goodbikestore.com\/shop\/wp-json\/wp\/v2\/media\/9611"}],"wp:attachment":[{"href":"https:\/\/goodbike2.goodbikestore.com\/shop\/wp-json\/wp\/v2\/media?parent=9568"}],"wp:term":[{"taxonomy":"product_brand","embeddable":true,"href":"https:\/\/goodbike2.goodbikestore.com\/shop\/wp-json\/wp\/v2\/product_brand?post=9568"},{"taxonomy":"product_cat","embeddable":true,"href":"https:\/\/goodbike2.goodbikestore.com\/shop\/wp-json\/wp\/v2\/product_cat?post=9568"},{"taxonomy":"product_tag","embeddable":true,"href":"https:\/\/goodbike2.goodbikestore.com\/shop\/wp-json\/wp\/v2\/product_tag?post=9568"}],"curies":[{"name":"wp","href":"https:\/\/api.w.org\/{rel}","templated":true}]}}