{"id":9472,"date":"2023-08-25T16:45:26","date_gmt":"2023-08-25T16:45:26","guid":{"rendered":"https:\/\/goodbike2.goodbikestore.com\/shop\/?post_type=product&#038;p=9472"},"modified":"2023-08-25T16:45:31","modified_gmt":"2023-08-25T16:45:31","slug":"sidi-zapatos-de-ruta-sixty-blanco","status":"publish","type":"product","link":"https:\/\/goodbike2.goodbikestore.com\/shop\/product\/sidi-zapatos-de-ruta-sixty-blanco\/","title":{"rendered":"SIDI ZAPATOS DE RUTA SIXTY BLANCO"},"content":{"rendered":"","protected":false},"excerpt":{"rendered":"<p style=\"text-align: center;\">Estilo y tecnolog\u00eda, e<span class=\"Y2IQFc\" lang=\"es\">l mecanismo Tecno-4 Push System tiene un solo rotor para reducir el peso del zapato, que garantiza un cierre microm\u00e9trico y preciso.\u00a0<\/span><span class=\"Y2IQFc\" lang=\"es\">El mecanismo central crea un perfecto equilibrio de tensi\u00f3n entre el lado interno y externo del zapato.<\/span><\/p>\n<p style=\"text-align: center;\">El Heel Cup es integrado con nuevo dise\u00f1o y peso ligero, reforzado para evitar deformaciones tras esfuerzos y presiones prolongadas. <span class=\"Y2IQFc\" lang=\"es\">De forma anat\u00f3mica, estabiliza el pie durante el pedaleo. <\/span><\/p>\n<p style=\"text-align: center;\"><span class=\"Y2IQFc\" lang=\"es\">Los beneficios clave de la suela Vent Carbon no son solo una transferencia de potencia superior, debido a su peso ligero y rigidez, sino tambi\u00e9n comodidad en climas c\u00e1lidos. Est\u00e1 dise\u00f1ada con una ventilaci\u00f3n integrada y canales de aire para la disipaci\u00f3n del calor y el flujo de aire. La ventilaci\u00f3n se puede abrir o cerrar para comodidad durante las 4 estaciones.<\/span><\/p>\n<p style=\"text-align: center;\"><span class=\"Y2IQFc\" lang=\"es\">\u00a0<\/span><\/p>\n<p style=\"text-align: center;\">\n","protected":false},"featured_media":9501,"comment_status":"open","ping_status":"closed","template":"","meta":{"nf_dc_page":""},"product_brand":[],"product_cat":[24,107,108,106],"product_tag":[109],"class_list":{"0":"post-9472","1":"product","2":"type-product","3":"status-publish","4":"has-post-thumbnail","6":"product_cat-marca","7":"product_cat-ruta","8":"product_cat-sidi","9":"product_cat-zapatos-de-ciclismo","10":"product_tag-sidi","12":"first","13":"instock","14":"taxable","15":"shipping-taxable","16":"product-type-variable"},"jetpack_sharing_enabled":true,"_links":{"self":[{"href":"https:\/\/goodbike2.goodbikestore.com\/shop\/wp-json\/wp\/v2\/product\/9472","targetHints":{"allow":["GET"]}}],"collection":[{"href":"https:\/\/goodbike2.goodbikestore.com\/shop\/wp-json\/wp\/v2\/product"}],"about":[{"href":"https:\/\/goodbike2.goodbikestore.com\/shop\/wp-json\/wp\/v2\/types\/product"}],"replies":[{"embeddable":true,"href":"https:\/\/goodbike2.goodbikestore.com\/shop\/wp-json\/wp\/v2\/comments?post=9472"}],"wp:featuredmedia":[{"embeddable":true,"href":"https:\/\/goodbike2.goodbikestore.com\/shop\/wp-json\/wp\/v2\/media\/9501"}],"wp:attachment":[{"href":"https:\/\/goodbike2.goodbikestore.com\/shop\/wp-json\/wp\/v2\/media?parent=9472"}],"wp:term":[{"taxonomy":"product_brand","embeddable":true,"href":"https:\/\/goodbike2.goodbikestore.com\/shop\/wp-json\/wp\/v2\/product_brand?post=9472"},{"taxonomy":"product_cat","embeddable":true,"href":"https:\/\/goodbike2.goodbikestore.com\/shop\/wp-json\/wp\/v2\/product_cat?post=9472"},{"taxonomy":"product_tag","embeddable":true,"href":"https:\/\/goodbike2.goodbikestore.com\/shop\/wp-json\/wp\/v2\/product_tag?post=9472"}],"curies":[{"name":"wp","href":"https:\/\/api.w.org\/{rel}","templated":true}]}}