{"id":9452,"date":"2023-08-25T16:45:07","date_gmt":"2023-08-25T16:45:07","guid":{"rendered":"https:\/\/goodbike2.goodbikestore.com\/shop\/?post_type=product&#038;p=9452"},"modified":"2023-08-25T16:45:23","modified_gmt":"2023-08-25T16:45:23","slug":"sidi-zapatos-de-ciclismo-t5-air","status":"publish","type":"product","link":"https:\/\/goodbike2.goodbikestore.com\/shop\/product\/sidi-zapatos-de-ciclismo-t5-air\/","title":{"rendered":"SIDI ZAPATOS DE CICLISMO T5 AIR"},"content":{"rendered":"","protected":false},"excerpt":{"rendered":"<p class=\"tw-data-text tw-text-large tw-ta\" dir=\"ltr\" style=\"text-align: center;\" data-placeholder=\"Traducci\u00f3n\"><span class=\"Y2IQFc\" lang=\"es\">Din\u00e1mico y con estilo, tienen una c<\/span><span class=\"Y2IQFc\" lang=\"es\">opa reforzada que estabiliza y sujeta el tal\u00f3n. Pl\u00e1stico con forma anat\u00f3mica, reduce el deslizamiento del tal\u00f3n y proporciona una mayor transferencia de potencia. Proporciona protecci\u00f3n adicional para los pies en caso de un choque. <\/span><span class=\"Y2IQFc\" lang=\"es\">La suela Twelve carbon composite est\u00e1 fabricada con dos materiales diferentes mezclados entre s\u00ed, nylon y fibra de carbono. <\/span><\/p>\n","protected":false},"featured_media":9470,"comment_status":"open","ping_status":"closed","template":"","meta":{"nf_dc_page":""},"product_brand":[],"product_cat":[24,107,108,106],"product_tag":[109],"class_list":{"0":"post-9452","1":"product","2":"type-product","3":"status-publish","4":"has-post-thumbnail","6":"product_cat-marca","7":"product_cat-ruta","8":"product_cat-sidi","9":"product_cat-zapatos-de-ciclismo","10":"product_tag-sidi","12":"first","13":"instock","14":"taxable","15":"shipping-taxable","16":"product-type-variable"},"jetpack_sharing_enabled":true,"_links":{"self":[{"href":"https:\/\/goodbike2.goodbikestore.com\/shop\/wp-json\/wp\/v2\/product\/9452","targetHints":{"allow":["GET"]}}],"collection":[{"href":"https:\/\/goodbike2.goodbikestore.com\/shop\/wp-json\/wp\/v2\/product"}],"about":[{"href":"https:\/\/goodbike2.goodbikestore.com\/shop\/wp-json\/wp\/v2\/types\/product"}],"replies":[{"embeddable":true,"href":"https:\/\/goodbike2.goodbikestore.com\/shop\/wp-json\/wp\/v2\/comments?post=9452"}],"wp:featuredmedia":[{"embeddable":true,"href":"https:\/\/goodbike2.goodbikestore.com\/shop\/wp-json\/wp\/v2\/media\/9470"}],"wp:attachment":[{"href":"https:\/\/goodbike2.goodbikestore.com\/shop\/wp-json\/wp\/v2\/media?parent=9452"}],"wp:term":[{"taxonomy":"product_brand","embeddable":true,"href":"https:\/\/goodbike2.goodbikestore.com\/shop\/wp-json\/wp\/v2\/product_brand?post=9452"},{"taxonomy":"product_cat","embeddable":true,"href":"https:\/\/goodbike2.goodbikestore.com\/shop\/wp-json\/wp\/v2\/product_cat?post=9452"},{"taxonomy":"product_tag","embeddable":true,"href":"https:\/\/goodbike2.goodbikestore.com\/shop\/wp-json\/wp\/v2\/product_tag?post=9452"}],"curies":[{"name":"wp","href":"https:\/\/api.w.org\/{rel}","templated":true}]}}