{"id":9403,"date":"2023-08-25T16:44:41","date_gmt":"2023-08-25T16:44:41","guid":{"rendered":"https:\/\/goodbike2.goodbikestore.com\/shop\/?post_type=product&#038;p=9403"},"modified":"2023-08-25T16:45:03","modified_gmt":"2023-08-25T16:45:03","slug":"hammer-endurolyte-fizz","status":"publish","type":"product","link":"https:\/\/goodbike2.goodbikestore.com\/shop\/product\/hammer-endurolyte-fizz\/","title":{"rendered":"Hammer endurolyte fizz"},"content":{"rendered":"","protected":false},"excerpt":{"rendered":"<p style=\"text-align: center;\">Hammer Endurolyte e se disuelven de manera r\u00e1pida y f\u00e1cil, as\u00ed obtienes una fuente de hidrataci\u00f3n y de tus requerimientos de electrolitos.\u00a0Para mantener tu desempe\u00f1o al m\u00e1ximo y tus organos funcionando a toda su capacidad necesitas un suministro constante no s\u00f3lo de sodio y potasio si no tambien de todos los minerales electrol\u00edticos, es por esto que Hammer Endurolytes es un componente esencial ya que suministra a tu cuerpo con los electrol\u00edtos asmilables, de amplio espectro y equilibrados que satisface todos tus requerimientos con gran precisi\u00f3n hora tras hora sin importar el clima en el que te encuentres.<\/p>\n<p>&nbsp;<\/p>\n","protected":false},"featured_media":9433,"comment_status":"open","ping_status":"closed","template":"","meta":{"nf_dc_page":""},"product_brand":[],"product_cat":[289,290,24,38,39],"product_tag":[291],"class_list":{"0":"post-9403","1":"product","2":"type-product","3":"status-publish","4":"has-post-thumbnail","6":"product_cat-hammer","7":"product_cat-hammer-marca","8":"product_cat-marca","9":"product_cat-nutricion","10":"product_cat-suplementos","11":"product_tag-hammer","13":"first","14":"instock","15":"taxable","16":"shipping-taxable","17":"product-type-variable"},"jetpack_sharing_enabled":true,"_links":{"self":[{"href":"https:\/\/goodbike2.goodbikestore.com\/shop\/wp-json\/wp\/v2\/product\/9403","targetHints":{"allow":["GET"]}}],"collection":[{"href":"https:\/\/goodbike2.goodbikestore.com\/shop\/wp-json\/wp\/v2\/product"}],"about":[{"href":"https:\/\/goodbike2.goodbikestore.com\/shop\/wp-json\/wp\/v2\/types\/product"}],"replies":[{"embeddable":true,"href":"https:\/\/goodbike2.goodbikestore.com\/shop\/wp-json\/wp\/v2\/comments?post=9403"}],"wp:featuredmedia":[{"embeddable":true,"href":"https:\/\/goodbike2.goodbikestore.com\/shop\/wp-json\/wp\/v2\/media\/9433"}],"wp:attachment":[{"href":"https:\/\/goodbike2.goodbikestore.com\/shop\/wp-json\/wp\/v2\/media?parent=9403"}],"wp:term":[{"taxonomy":"product_brand","embeddable":true,"href":"https:\/\/goodbike2.goodbikestore.com\/shop\/wp-json\/wp\/v2\/product_brand?post=9403"},{"taxonomy":"product_cat","embeddable":true,"href":"https:\/\/goodbike2.goodbikestore.com\/shop\/wp-json\/wp\/v2\/product_cat?post=9403"},{"taxonomy":"product_tag","embeddable":true,"href":"https:\/\/goodbike2.goodbikestore.com\/shop\/wp-json\/wp\/v2\/product_tag?post=9403"}],"curies":[{"name":"wp","href":"https:\/\/api.w.org\/{rel}","templated":true}]}}