{"id":9400,"date":"2023-08-25T16:44:41","date_gmt":"2023-08-25T16:44:41","guid":{"rendered":"https:\/\/goodbike2.goodbikestore.com\/shop\/?post_type=product&#038;p=9400"},"modified":"2023-08-25T16:44:59","modified_gmt":"2023-08-25T16:44:59","slug":"hammer-nutrition-perpetuem","status":"publish","type":"product","link":"https:\/\/goodbike2.goodbikestore.com\/shop\/product\/hammer-nutrition-perpetuem\/","title":{"rendered":"Hammer nutrition perpetuem"},"content":{"rendered":"","protected":false},"excerpt":{"rendered":"<p style=\"text-align: center;\">Mantente fuerte y estable desde el inicio hasta el final con la fuente de energ\u00eda revolucionaria de Hammer.\u00a0Para sesiones f\u00edsicas mayores a 3 horas, consumir carbohidratos solamente no es suficiente.\u00a0Perpetuem sube el nivel con la adici\u00f3n de \u00e1cidos grasos saludables y prote\u00edna.<\/p>\n<p style=\"text-align: center;\">Mientras esas grasas proveen saciedad y estimulan la utilizaci\u00f3n de la grasa almacenada en el cuerpo de forma correcta, la prote\u00edna de f\u00e1cil digesti\u00f3n ayuda a evitar la canibalizaci\u00f3n de masa muscular y a estabilizar los niveles de energ\u00eda.\u00a0La adici\u00f3n de amino\u00e1cidos que ayudan a regular el \u00e1cido l\u00e1ctico y antioxidantes que neutralizan los radicales libres ayudan a disminuir la fatiga muscular y soportar el uso de energ\u00eda en altos niveles en sesiones largas.<\/p>\n<p style=\"text-align: center;\">\u00a0El sabor Caffe Latte contiene 25mg de cafe\u00edna por servicio.<\/p>\n","protected":false},"featured_media":9431,"comment_status":"open","ping_status":"closed","template":"","meta":{"nf_dc_page":""},"product_brand":[],"product_cat":[69,289,290,24,38,39],"product_tag":[291],"class_list":{"0":"post-9400","1":"product","2":"type-product","3":"status-publish","4":"has-post-thumbnail","6":"product_cat-geles-y-barras","7":"product_cat-hammer","8":"product_cat-hammer-marca","9":"product_cat-marca","10":"product_cat-nutricion","11":"product_cat-suplementos","12":"product_tag-hammer","14":"first","15":"instock","16":"taxable","17":"shipping-taxable","18":"product-type-variable"},"jetpack_sharing_enabled":true,"_links":{"self":[{"href":"https:\/\/goodbike2.goodbikestore.com\/shop\/wp-json\/wp\/v2\/product\/9400","targetHints":{"allow":["GET"]}}],"collection":[{"href":"https:\/\/goodbike2.goodbikestore.com\/shop\/wp-json\/wp\/v2\/product"}],"about":[{"href":"https:\/\/goodbike2.goodbikestore.com\/shop\/wp-json\/wp\/v2\/types\/product"}],"replies":[{"embeddable":true,"href":"https:\/\/goodbike2.goodbikestore.com\/shop\/wp-json\/wp\/v2\/comments?post=9400"}],"wp:featuredmedia":[{"embeddable":true,"href":"https:\/\/goodbike2.goodbikestore.com\/shop\/wp-json\/wp\/v2\/media\/9431"}],"wp:attachment":[{"href":"https:\/\/goodbike2.goodbikestore.com\/shop\/wp-json\/wp\/v2\/media?parent=9400"}],"wp:term":[{"taxonomy":"product_brand","embeddable":true,"href":"https:\/\/goodbike2.goodbikestore.com\/shop\/wp-json\/wp\/v2\/product_brand?post=9400"},{"taxonomy":"product_cat","embeddable":true,"href":"https:\/\/goodbike2.goodbikestore.com\/shop\/wp-json\/wp\/v2\/product_cat?post=9400"},{"taxonomy":"product_tag","embeddable":true,"href":"https:\/\/goodbike2.goodbikestore.com\/shop\/wp-json\/wp\/v2\/product_tag?post=9400"}],"curies":[{"name":"wp","href":"https:\/\/api.w.org\/{rel}","templated":true}]}}