{"id":9397,"date":"2023-08-25T16:44:40","date_gmt":"2023-08-25T16:44:40","guid":{"rendered":"https:\/\/goodbike2.goodbikestore.com\/shop\/?post_type=product&#038;p=9397"},"modified":"2023-08-25T16:44:57","modified_gmt":"2023-08-25T16:44:57","slug":"hammer-nutrition-heed-sobre","status":"publish","type":"product","link":"https:\/\/goodbike2.goodbikestore.com\/shop\/product\/hammer-nutrition-heed-sobre\/","title":{"rendered":"Hammer nutrition heed sobre"},"content":{"rendered":"","protected":false},"excerpt":{"rendered":"<p style=\"text-align: center;\">Heed ofrece carbohidratos complejos, un perfil electrol\u00edtico equilibrado y nutrientes esenciales para equilibrar el az\u00facar en la sangre, amortiguar el \u00e1cido l\u00e1ctico y garantizar una energ\u00eda duradera.\u00a0El sabor sutil de Heed baja f\u00e1cilmente, y la ausencia de \u00e1cido c\u00edtrico previene el malestar g\u00e1strico y la caries dental. El edulcorante saludable xilitol promueve la salud bucal.<\/p>\n<p style=\"text-align: center;\">Heed puede usarse como el \u00fanico combustible durante el ejercicio que dura hasta dos horas, cumpliendo con todos sus requerimientos de calor\u00edas y l\u00edquidos y la mayor parte de sus necesidades de electrolitos.<\/p>\n","protected":false},"featured_media":9429,"comment_status":"open","ping_status":"closed","template":"","meta":{"nf_dc_page":""},"product_brand":[],"product_cat":[69,289,290,24,38,39],"product_tag":[291],"class_list":{"0":"post-9397","1":"product","2":"type-product","3":"status-publish","4":"has-post-thumbnail","6":"product_cat-geles-y-barras","7":"product_cat-hammer","8":"product_cat-hammer-marca","9":"product_cat-marca","10":"product_cat-nutricion","11":"product_cat-suplementos","12":"product_tag-hammer","14":"first","15":"outofstock","16":"taxable","17":"shipping-taxable","18":"product-type-variable"},"jetpack_sharing_enabled":true,"_links":{"self":[{"href":"https:\/\/goodbike2.goodbikestore.com\/shop\/wp-json\/wp\/v2\/product\/9397","targetHints":{"allow":["GET"]}}],"collection":[{"href":"https:\/\/goodbike2.goodbikestore.com\/shop\/wp-json\/wp\/v2\/product"}],"about":[{"href":"https:\/\/goodbike2.goodbikestore.com\/shop\/wp-json\/wp\/v2\/types\/product"}],"replies":[{"embeddable":true,"href":"https:\/\/goodbike2.goodbikestore.com\/shop\/wp-json\/wp\/v2\/comments?post=9397"}],"wp:featuredmedia":[{"embeddable":true,"href":"https:\/\/goodbike2.goodbikestore.com\/shop\/wp-json\/wp\/v2\/media\/9429"}],"wp:attachment":[{"href":"https:\/\/goodbike2.goodbikestore.com\/shop\/wp-json\/wp\/v2\/media?parent=9397"}],"wp:term":[{"taxonomy":"product_brand","embeddable":true,"href":"https:\/\/goodbike2.goodbikestore.com\/shop\/wp-json\/wp\/v2\/product_brand?post=9397"},{"taxonomy":"product_cat","embeddable":true,"href":"https:\/\/goodbike2.goodbikestore.com\/shop\/wp-json\/wp\/v2\/product_cat?post=9397"},{"taxonomy":"product_tag","embeddable":true,"href":"https:\/\/goodbike2.goodbikestore.com\/shop\/wp-json\/wp\/v2\/product_tag?post=9397"}],"curies":[{"name":"wp","href":"https:\/\/api.w.org\/{rel}","templated":true}]}}