{"id":9394,"date":"2023-08-25T16:44:40","date_gmt":"2023-08-25T16:44:40","guid":{"rendered":"https:\/\/goodbike2.goodbikestore.com\/shop\/?post_type=product&#038;p=9394"},"modified":"2023-08-25T16:44:55","modified_gmt":"2023-08-25T16:44:55","slug":"gel-hammer-nutrition","status":"publish","type":"product","link":"https:\/\/goodbike2.goodbikestore.com\/shop\/product\/gel-hammer-nutrition\/","title":{"rendered":"Gel hammer nutrition"},"content":{"rendered":"","protected":false},"excerpt":{"rendered":"<p style=\"text-align: center;\">Los carbohidratos complejos de Hammer Gel y su f\u00f3rmula para equilibrar el ph te brindan energ\u00eda r\u00e1pida pero sostenida en una forma conveniente y concentrada. La adici\u00f3n de amino\u00e1cidos de cadena ramificada ayuda a prevenir la degradaci\u00f3n del tejido muscular al tiempo que reduce la fatiga. \u00a0El resultado es una fuente de combustible concentrado altamente eficaz que se digiere m\u00e1s f\u00e1cilmente que cualquier otro gel energ\u00e9tico. Hammer Gel es un verdadero combustible de resistencia. Solo los sabores Espresso y Tropical contienen cafe\u00edna, 50 mg para Espresso y 25 mg para Tropical por porci\u00f3n.<\/p>\n","protected":false},"featured_media":9426,"comment_status":"open","ping_status":"closed","template":"","meta":{"nf_dc_page":""},"product_brand":[],"product_cat":[69,289,290,24,38,39],"product_tag":[291],"class_list":{"0":"post-9394","1":"product","2":"type-product","3":"status-publish","4":"has-post-thumbnail","6":"product_cat-geles-y-barras","7":"product_cat-hammer","8":"product_cat-hammer-marca","9":"product_cat-marca","10":"product_cat-nutricion","11":"product_cat-suplementos","12":"product_tag-hammer","14":"first","15":"outofstock","16":"taxable","17":"shipping-taxable","18":"product-type-variable"},"jetpack_sharing_enabled":true,"_links":{"self":[{"href":"https:\/\/goodbike2.goodbikestore.com\/shop\/wp-json\/wp\/v2\/product\/9394","targetHints":{"allow":["GET"]}}],"collection":[{"href":"https:\/\/goodbike2.goodbikestore.com\/shop\/wp-json\/wp\/v2\/product"}],"about":[{"href":"https:\/\/goodbike2.goodbikestore.com\/shop\/wp-json\/wp\/v2\/types\/product"}],"replies":[{"embeddable":true,"href":"https:\/\/goodbike2.goodbikestore.com\/shop\/wp-json\/wp\/v2\/comments?post=9394"}],"wp:featuredmedia":[{"embeddable":true,"href":"https:\/\/goodbike2.goodbikestore.com\/shop\/wp-json\/wp\/v2\/media\/9426"}],"wp:attachment":[{"href":"https:\/\/goodbike2.goodbikestore.com\/shop\/wp-json\/wp\/v2\/media?parent=9394"}],"wp:term":[{"taxonomy":"product_brand","embeddable":true,"href":"https:\/\/goodbike2.goodbikestore.com\/shop\/wp-json\/wp\/v2\/product_brand?post=9394"},{"taxonomy":"product_cat","embeddable":true,"href":"https:\/\/goodbike2.goodbikestore.com\/shop\/wp-json\/wp\/v2\/product_cat?post=9394"},{"taxonomy":"product_tag","embeddable":true,"href":"https:\/\/goodbike2.goodbikestore.com\/shop\/wp-json\/wp\/v2\/product_tag?post=9394"}],"curies":[{"name":"wp","href":"https:\/\/api.w.org\/{rel}","templated":true}]}}