{"id":9121,"date":"2023-08-24T22:07:02","date_gmt":"2023-08-24T22:07:02","guid":{"rendered":"https:\/\/goodbike2.goodbikestore.com\/shop\/?post_type=product&#038;p=9121"},"modified":"2023-08-25T16:44:53","modified_gmt":"2023-08-25T16:44:53","slug":"cervelo-caledonia-105","status":"publish","type":"product","link":"https:\/\/goodbike2.goodbikestore.com\/shop\/product\/cervelo-caledonia-105\/","title":{"rendered":"Cervelo caledonia 105"},"content":{"rendered":"<p>&nbsp;<\/p>\n<p style=\"padding-left: 40px;\">\n","protected":false},"excerpt":{"rendered":"<p id=\"tw-target-text\" class=\"tw-data-text tw-text-large tw-ta\" dir=\"ltr\" style=\"text-align: center;\" data-placeholder=\"Traducci\u00f3n\"><span class=\"Y2IQFc\" lang=\"es\">Caledonia no encaja en una caja, y nos gusta que sea as\u00ed. Fue concebida en nuestros paseos de los jueves por la noche, rutas que a menudo juegan r\u00e1pido y suelto con el nombre de paseo por carretera. Mientras trat\u00e1bamos de poner neum\u00e1ticos m\u00e1s grandes en nuestras R5 y modernizar nuestras Asperos, naci\u00f3 un nuevo tipo de bicicleta: Caledonia.<\/span><\/p>\n<p><b>\u00a0 \u00a0Especificaciones\u00a0<\/b><\/p>\n<ul>\n<li>Cuadro: Cervelo carbon.<\/li>\n<li>Tijera: Cervelo carbon.<\/li>\n<li>Frenos: Shimano 105, frenos de disco hidr\u00e1ulico.<\/li>\n<li>Desviador trasero: Shimano 105<\/li>\n<li>Crankset: Shimano 105, 11-velocidades.<\/li>\n<li>Cassette: Shimano 105<\/li>\n<li>Palancas: Shimano 105.<\/li>\n<\/ul>\n","protected":false},"featured_media":9422,"comment_status":"open","ping_status":"closed","template":"","meta":{"nf_dc_page":""},"product_brand":[],"product_cat":[220,287,24,227],"product_tag":[288],"class_list":{"0":"post-9121","1":"product","2":"type-product","3":"status-publish","4":"has-post-thumbnail","6":"product_cat-bicicletas","7":"product_cat-cervelo","8":"product_cat-marca","9":"product_cat-ruta-bicicletas","10":"product_tag-cervelo","12":"first","13":"instock","14":"taxable","15":"shipping-taxable","16":"product-type-variable"},"jetpack_sharing_enabled":true,"_links":{"self":[{"href":"https:\/\/goodbike2.goodbikestore.com\/shop\/wp-json\/wp\/v2\/product\/9121","targetHints":{"allow":["GET"]}}],"collection":[{"href":"https:\/\/goodbike2.goodbikestore.com\/shop\/wp-json\/wp\/v2\/product"}],"about":[{"href":"https:\/\/goodbike2.goodbikestore.com\/shop\/wp-json\/wp\/v2\/types\/product"}],"replies":[{"embeddable":true,"href":"https:\/\/goodbike2.goodbikestore.com\/shop\/wp-json\/wp\/v2\/comments?post=9121"}],"wp:featuredmedia":[{"embeddable":true,"href":"https:\/\/goodbike2.goodbikestore.com\/shop\/wp-json\/wp\/v2\/media\/9422"}],"wp:attachment":[{"href":"https:\/\/goodbike2.goodbikestore.com\/shop\/wp-json\/wp\/v2\/media?parent=9121"}],"wp:term":[{"taxonomy":"product_brand","embeddable":true,"href":"https:\/\/goodbike2.goodbikestore.com\/shop\/wp-json\/wp\/v2\/product_brand?post=9121"},{"taxonomy":"product_cat","embeddable":true,"href":"https:\/\/goodbike2.goodbikestore.com\/shop\/wp-json\/wp\/v2\/product_cat?post=9121"},{"taxonomy":"product_tag","embeddable":true,"href":"https:\/\/goodbike2.goodbikestore.com\/shop\/wp-json\/wp\/v2\/product_tag?post=9121"}],"curies":[{"name":"wp","href":"https:\/\/api.w.org\/{rel}","templated":true}]}}