{"id":9117,"date":"2023-08-24T22:07:02","date_gmt":"2023-08-24T22:07:02","guid":{"rendered":"https:\/\/goodbike2.goodbikestore.com\/shop\/?post_type=product&#038;p=9117"},"modified":"2023-08-25T16:44:47","modified_gmt":"2023-08-25T16:44:47","slug":"lentes-oakley-plazma","status":"publish","type":"product","link":"https:\/\/goodbike2.goodbikestore.com\/shop\/product\/lentes-oakley-plazma\/","title":{"rendered":"Lentes OAKLEY PLAZMA"},"content":{"rendered":"","protected":false},"excerpt":{"rendered":"<p style=\"text-align: center;\">Oakley Plazma tiene un armaz\u00f3n deportivo liviano de doble cristal dise\u00f1ado para adaptarse a graduaciones altas. El funcional dise\u00f1o deportivo con la arquitectura de ajuste de tres puntos se dise\u00f1\u00f3 para sujetar los lentes en una alineaci\u00f3n \u00f3ptica precisa. Adem\u00e1s, incluye plaquetas y gomas para varilla de Unobtainium para un agarre antideslizante. Junto con la tecnolog\u00eda del cristal Prizm\u2122 o cristales graduados originales Oakley, Oakley Plazma es un modelo de alto rendimiento deportivo con un look fresco.<\/p>\n","protected":false},"featured_media":9417,"comment_status":"open","ping_status":"closed","template":"","meta":{"nf_dc_page":""},"product_brand":[],"product_cat":[41,285,47,52,286,26],"product_tag":[218],"class_list":{"0":"post-9117","1":"product","2":"type-product","3":"status-publish","4":"has-post-thumbnail","6":"product_cat-basicos","7":"product_cat-lentes-ropa-y-outfit","8":"product_cat-lentes","9":"product_cat-marca-ropa-y-outfit","10":"product_cat-oakley-marca-ropa-y-outfit","11":"product_cat-ropa-y-outfit","12":"product_tag-oakley","14":"first","15":"instock","16":"taxable","17":"shipping-taxable","18":"product-type-variable"},"jetpack_sharing_enabled":true,"_links":{"self":[{"href":"https:\/\/goodbike2.goodbikestore.com\/shop\/wp-json\/wp\/v2\/product\/9117","targetHints":{"allow":["GET"]}}],"collection":[{"href":"https:\/\/goodbike2.goodbikestore.com\/shop\/wp-json\/wp\/v2\/product"}],"about":[{"href":"https:\/\/goodbike2.goodbikestore.com\/shop\/wp-json\/wp\/v2\/types\/product"}],"replies":[{"embeddable":true,"href":"https:\/\/goodbike2.goodbikestore.com\/shop\/wp-json\/wp\/v2\/comments?post=9117"}],"wp:featuredmedia":[{"embeddable":true,"href":"https:\/\/goodbike2.goodbikestore.com\/shop\/wp-json\/wp\/v2\/media\/9417"}],"wp:attachment":[{"href":"https:\/\/goodbike2.goodbikestore.com\/shop\/wp-json\/wp\/v2\/media?parent=9117"}],"wp:term":[{"taxonomy":"product_brand","embeddable":true,"href":"https:\/\/goodbike2.goodbikestore.com\/shop\/wp-json\/wp\/v2\/product_brand?post=9117"},{"taxonomy":"product_cat","embeddable":true,"href":"https:\/\/goodbike2.goodbikestore.com\/shop\/wp-json\/wp\/v2\/product_cat?post=9117"},{"taxonomy":"product_tag","embeddable":true,"href":"https:\/\/goodbike2.goodbikestore.com\/shop\/wp-json\/wp\/v2\/product_tag?post=9117"}],"curies":[{"name":"wp","href":"https:\/\/api.w.org\/{rel}","templated":true}]}}