{"id":9090,"date":"2023-08-24T22:06:39","date_gmt":"2023-08-24T22:06:39","guid":{"rendered":"https:\/\/goodbike2.goodbikestore.com\/shop\/?post_type=product&#038;p=9090"},"modified":"2023-08-24T22:07:14","modified_gmt":"2023-08-24T22:07:14","slug":"shimano-zapato-ic500","status":"publish","type":"product","link":"https:\/\/goodbike2.goodbikestore.com\/shop\/product\/shimano-zapato-ic500\/","title":{"rendered":"SHIMANO ZAPATO IC500"},"content":{"rendered":"","protected":false},"excerpt":{"rendered":"<p>Zapatillas para ciclismo en interiores de mujer con ajuste c\u00f3modo y m\u00e1xima transpirabilidad.<\/p>\n<div class=\"cmp-itemlist-accordion\">\n<div class=\"cmp-itemlist-accordion__always-visible-section\">\n<p>\u00a0 \u00a0 Caracter\u00edsticas<\/p>\n<ul>\n<li class=\"type-feature\">Empeine de malla para calcetines c\u00f3modo y transpirable dise\u00f1ado para los ejercicios m\u00e1s duros.<\/li>\n<li class=\"type-feature\">F\u00e1cil apertura, apriete y ajuste con el dial BOA\u00ae L6.<\/li>\n<li class=\"type-feature\">La placa reforzada de longitud completa ofrece una transferencia fiable de potencia.<\/li>\n<li class=\"type-feature\">Suela de goma a todo lo largo que mejora la comodidad a pie.<\/li>\n<li class=\"type-feature\">Horma espec\u00edfica para mujer DYNALAST para un ajuste natural y c\u00f3modo.<\/li>\n<\/ul>\n<\/div>\n<\/div>\n","protected":false},"featured_media":9132,"comment_status":"open","ping_status":"closed","template":"","meta":{"nf_dc_page":""},"product_brand":[],"product_cat":[24,107,111,106],"product_tag":[112],"class_list":{"0":"post-9090","1":"product","2":"type-product","3":"status-publish","4":"has-post-thumbnail","6":"product_cat-marca","7":"product_cat-ruta","8":"product_cat-shimano","9":"product_cat-zapatos-de-ciclismo","10":"product_tag-shimano","12":"first","13":"instock","14":"taxable","15":"shipping-taxable","16":"product-type-variable","17":"has-default-attributes"},"jetpack_sharing_enabled":true,"_links":{"self":[{"href":"https:\/\/goodbike2.goodbikestore.com\/shop\/wp-json\/wp\/v2\/product\/9090","targetHints":{"allow":["GET"]}}],"collection":[{"href":"https:\/\/goodbike2.goodbikestore.com\/shop\/wp-json\/wp\/v2\/product"}],"about":[{"href":"https:\/\/goodbike2.goodbikestore.com\/shop\/wp-json\/wp\/v2\/types\/product"}],"replies":[{"embeddable":true,"href":"https:\/\/goodbike2.goodbikestore.com\/shop\/wp-json\/wp\/v2\/comments?post=9090"}],"wp:featuredmedia":[{"embeddable":true,"href":"https:\/\/goodbike2.goodbikestore.com\/shop\/wp-json\/wp\/v2\/media\/9132"}],"wp:attachment":[{"href":"https:\/\/goodbike2.goodbikestore.com\/shop\/wp-json\/wp\/v2\/media?parent=9090"}],"wp:term":[{"taxonomy":"product_brand","embeddable":true,"href":"https:\/\/goodbike2.goodbikestore.com\/shop\/wp-json\/wp\/v2\/product_brand?post=9090"},{"taxonomy":"product_cat","embeddable":true,"href":"https:\/\/goodbike2.goodbikestore.com\/shop\/wp-json\/wp\/v2\/product_cat?post=9090"},{"taxonomy":"product_tag","embeddable":true,"href":"https:\/\/goodbike2.goodbikestore.com\/shop\/wp-json\/wp\/v2\/product_tag?post=9090"}],"curies":[{"name":"wp","href":"https:\/\/api.w.org\/{rel}","templated":true}]}}