{"id":9076,"date":"2023-08-24T22:06:38","date_gmt":"2023-08-24T22:06:38","guid":{"rendered":"https:\/\/goodbike2.goodbikestore.com\/shop\/?post_type=product&#038;p=9076"},"modified":"2023-08-24T22:06:55","modified_gmt":"2023-08-24T22:06:55","slug":"zapatillas-mavic-allroad-elite","status":"publish","type":"product","link":"https:\/\/goodbike2.goodbikestore.com\/shop\/product\/zapatillas-mavic-allroad-elite\/","title":{"rendered":"ZAPATILLAS MAVIC ALLROAD ELITE"},"content":{"rendered":"","protected":false},"excerpt":{"rendered":"<p style=\"text-align: center;\">Las zapatillas Mavic Allroad Elite te proporcionan una conexi\u00f3n estable con la bici y son compatibles con pedales SPD. Son una excelente opci\u00f3n para rutas de aventura en entornos urbanos o caminos accidentados. El cierre de cord\u00f3n permite regular f\u00e1cilmente el ajuste. Con la banda de goma de la parte inferior, puedes caminar con ellas sobre tierra o superficies lisas. Pero el hecho de que sean c\u00f3modas no significa que no sean eficientes. La suela Energy Carbon Comp hace que aproveches hasta el \u00faltimo vatio de energ\u00eda que transmites a los pedales, para que puedas subir ascensos pronunciados y rodar mayores distancias.<\/p>\n","protected":false},"featured_media":9105,"comment_status":"open","ping_status":"closed","template":"","meta":{"nf_dc_page":""},"product_brand":[],"product_cat":[24,52,259,261,110,106],"product_tag":[260],"class_list":{"0":"post-9076","1":"product","2":"type-product","3":"status-publish","4":"has-post-thumbnail","6":"product_cat-marca","7":"product_cat-marca-ropa-y-outfit","8":"product_cat-mavic","9":"product_cat-mavic-marca-ropa-y-outfit","10":"product_cat-mtb","11":"product_cat-zapatos-de-ciclismo","12":"product_tag-mavic","14":"first","15":"instock","16":"taxable","17":"shipping-taxable","18":"product-type-variable"},"jetpack_sharing_enabled":true,"_links":{"self":[{"href":"https:\/\/goodbike2.goodbikestore.com\/shop\/wp-json\/wp\/v2\/product\/9076","targetHints":{"allow":["GET"]}}],"collection":[{"href":"https:\/\/goodbike2.goodbikestore.com\/shop\/wp-json\/wp\/v2\/product"}],"about":[{"href":"https:\/\/goodbike2.goodbikestore.com\/shop\/wp-json\/wp\/v2\/types\/product"}],"replies":[{"embeddable":true,"href":"https:\/\/goodbike2.goodbikestore.com\/shop\/wp-json\/wp\/v2\/comments?post=9076"}],"wp:featuredmedia":[{"embeddable":true,"href":"https:\/\/goodbike2.goodbikestore.com\/shop\/wp-json\/wp\/v2\/media\/9105"}],"wp:attachment":[{"href":"https:\/\/goodbike2.goodbikestore.com\/shop\/wp-json\/wp\/v2\/media?parent=9076"}],"wp:term":[{"taxonomy":"product_brand","embeddable":true,"href":"https:\/\/goodbike2.goodbikestore.com\/shop\/wp-json\/wp\/v2\/product_brand?post=9076"},{"taxonomy":"product_cat","embeddable":true,"href":"https:\/\/goodbike2.goodbikestore.com\/shop\/wp-json\/wp\/v2\/product_cat?post=9076"},{"taxonomy":"product_tag","embeddable":true,"href":"https:\/\/goodbike2.goodbikestore.com\/shop\/wp-json\/wp\/v2\/product_tag?post=9076"}],"curies":[{"name":"wp","href":"https:\/\/api.w.org\/{rel}","templated":true}]}}