{"id":9047,"date":"2023-08-24T22:06:15","date_gmt":"2023-08-24T22:06:15","guid":{"rendered":"https:\/\/goodbike2.goodbikestore.com\/shop\/?post_type=product&#038;p=9047"},"modified":"2023-08-24T22:06:48","modified_gmt":"2023-08-24T22:06:48","slug":"zapatillas-mavic-crossmax-pro","status":"publish","type":"product","link":"https:\/\/goodbike2.goodbikestore.com\/shop\/product\/zapatillas-mavic-crossmax-pro\/","title":{"rendered":"ZAPATILLAS MAVIC CROSSMAX PRO"},"content":{"rendered":"","protected":false},"excerpt":{"rendered":"<p style=\"text-align: center;\">Las zapatillas de MTB Mavic Crossmax Pro incorporan una suela Energy Grip Terra Carbon Comp que es a la vez ligera, r\u00edgida y dirige a la perfecci\u00f3n toda la energ\u00eda que generas directamente a los pedales. La leng\u00fceta Endofit abraza el pie en los lugares adecuados para maximizar la comodidad y minimizar la p\u00e9rdida de potencia. Las zapatillas cuentan tambi\u00e9n con el sencillo sistema de cierre Mavic Ergo Dial, que a trav\u00e9s de sus ruedecillas permite realizar ajuste microm\u00e9tricos.<\/p>\n","protected":false},"featured_media":9099,"comment_status":"open","ping_status":"closed","template":"","meta":{"nf_dc_page":""},"product_brand":[],"product_cat":[24,259,110,26,106],"product_tag":[260],"class_list":{"0":"post-9047","1":"product","2":"type-product","3":"status-publish","4":"has-post-thumbnail","6":"product_cat-marca","7":"product_cat-mavic","8":"product_cat-mtb","9":"product_cat-ropa-y-outfit","10":"product_cat-zapatos-de-ciclismo","11":"product_tag-mavic","13":"first","14":"outofstock","15":"taxable","16":"shipping-taxable","17":"product-type-variable"},"jetpack_sharing_enabled":true,"_links":{"self":[{"href":"https:\/\/goodbike2.goodbikestore.com\/shop\/wp-json\/wp\/v2\/product\/9047","targetHints":{"allow":["GET"]}}],"collection":[{"href":"https:\/\/goodbike2.goodbikestore.com\/shop\/wp-json\/wp\/v2\/product"}],"about":[{"href":"https:\/\/goodbike2.goodbikestore.com\/shop\/wp-json\/wp\/v2\/types\/product"}],"replies":[{"embeddable":true,"href":"https:\/\/goodbike2.goodbikestore.com\/shop\/wp-json\/wp\/v2\/comments?post=9047"}],"wp:featuredmedia":[{"embeddable":true,"href":"https:\/\/goodbike2.goodbikestore.com\/shop\/wp-json\/wp\/v2\/media\/9099"}],"wp:attachment":[{"href":"https:\/\/goodbike2.goodbikestore.com\/shop\/wp-json\/wp\/v2\/media?parent=9047"}],"wp:term":[{"taxonomy":"product_brand","embeddable":true,"href":"https:\/\/goodbike2.goodbikestore.com\/shop\/wp-json\/wp\/v2\/product_brand?post=9047"},{"taxonomy":"product_cat","embeddable":true,"href":"https:\/\/goodbike2.goodbikestore.com\/shop\/wp-json\/wp\/v2\/product_cat?post=9047"},{"taxonomy":"product_tag","embeddable":true,"href":"https:\/\/goodbike2.goodbikestore.com\/shop\/wp-json\/wp\/v2\/product_tag?post=9047"}],"curies":[{"name":"wp","href":"https:\/\/api.w.org\/{rel}","templated":true}]}}