{"id":9045,"date":"2023-08-24T22:06:15","date_gmt":"2023-08-24T22:06:15","guid":{"rendered":"https:\/\/goodbike2.goodbikestore.com\/shop\/?post_type=product&#038;p=9045"},"modified":"2023-08-24T22:06:41","modified_gmt":"2023-08-24T22:06:41","slug":"zapatillas-mavic-cosmic-boa","status":"publish","type":"product","link":"https:\/\/goodbike2.goodbikestore.com\/shop\/product\/zapatillas-mavic-cosmic-boa\/","title":{"rendered":"ZAPATILLAS MAVIC COSMIC BOA"},"content":{"rendered":"","protected":false},"excerpt":{"rendered":"<p class=\"news-list-item__title news-list-item__title--bigger\" style=\"text-align: center;\">Esta zapatilla de carretera ofrece un peso ligero y sistema de ajuste boa, lo que la hace perfecta para la escalada y la conducci\u00f3n en carretera de alto rendimiento.\u00a0Con un aspecto aerodin\u00e1mico y el sistema de ajuste boa, esta zapatilla de carretera liviana est\u00e1 inspirada en las monta\u00f1as y las etapas de escalada de los grandes recorridos en bicicleta.<\/p>\n<div class=\"news-list-item__description\" style=\"text-align: center;\">El sistema Boa Fit System, que ofrece soluciones de ajuste dise\u00f1adas espec\u00edficamente para obtener los mejores resultados, est\u00e1 formado por tres partes integrales: un cierre microajustable, cordones livianos y superresistentes y gu\u00edas para cordones de baja fricci\u00f3n.\u00a0La suela de nailon y fibra de vidrio es r\u00edgida para ofrecer rendimiento y potencia, pero lo bastante c\u00f3moda para las rutas largas.<\/div>\n","protected":false},"featured_media":9096,"comment_status":"open","ping_status":"closed","template":"","meta":{"nf_dc_page":""},"product_brand":[],"product_cat":[24,52,259,261,26,107,106],"product_tag":[260],"class_list":{"0":"post-9045","1":"product","2":"type-product","3":"status-publish","4":"has-post-thumbnail","6":"product_cat-marca","7":"product_cat-marca-ropa-y-outfit","8":"product_cat-mavic","9":"product_cat-mavic-marca-ropa-y-outfit","10":"product_cat-ropa-y-outfit","11":"product_cat-ruta","12":"product_cat-zapatos-de-ciclismo","13":"product_tag-mavic","15":"first","16":"instock","17":"taxable","18":"shipping-taxable","19":"product-type-variable"},"jetpack_sharing_enabled":true,"_links":{"self":[{"href":"https:\/\/goodbike2.goodbikestore.com\/shop\/wp-json\/wp\/v2\/product\/9045","targetHints":{"allow":["GET"]}}],"collection":[{"href":"https:\/\/goodbike2.goodbikestore.com\/shop\/wp-json\/wp\/v2\/product"}],"about":[{"href":"https:\/\/goodbike2.goodbikestore.com\/shop\/wp-json\/wp\/v2\/types\/product"}],"replies":[{"embeddable":true,"href":"https:\/\/goodbike2.goodbikestore.com\/shop\/wp-json\/wp\/v2\/comments?post=9045"}],"wp:featuredmedia":[{"embeddable":true,"href":"https:\/\/goodbike2.goodbikestore.com\/shop\/wp-json\/wp\/v2\/media\/9096"}],"wp:attachment":[{"href":"https:\/\/goodbike2.goodbikestore.com\/shop\/wp-json\/wp\/v2\/media?parent=9045"}],"wp:term":[{"taxonomy":"product_brand","embeddable":true,"href":"https:\/\/goodbike2.goodbikestore.com\/shop\/wp-json\/wp\/v2\/product_brand?post=9045"},{"taxonomy":"product_cat","embeddable":true,"href":"https:\/\/goodbike2.goodbikestore.com\/shop\/wp-json\/wp\/v2\/product_cat?post=9045"},{"taxonomy":"product_tag","embeddable":true,"href":"https:\/\/goodbike2.goodbikestore.com\/shop\/wp-json\/wp\/v2\/product_tag?post=9045"}],"curies":[{"name":"wp","href":"https:\/\/api.w.org\/{rel}","templated":true}]}}