{"id":9043,"date":"2023-08-24T22:06:15","date_gmt":"2023-08-24T22:06:15","guid":{"rendered":"https:\/\/goodbike2.goodbikestore.com\/shop\/?post_type=product&#038;p=9043"},"modified":"2023-08-24T22:06:35","modified_gmt":"2023-08-24T22:06:35","slug":"zapatillas-mavic-xa-elite","status":"publish","type":"product","link":"https:\/\/goodbike2.goodbikestore.com\/shop\/product\/zapatillas-mavic-xa-elite\/","title":{"rendered":"ZAPATILLAS MAVIC XA ELITE"},"content":{"rendered":"","protected":false},"excerpt":{"rendered":"<p style=\"text-align: center;\">Hemos creado las zapatillas XA Elite II para ser muy polivalentes y ayudarte a sacarle el m\u00e1ximo partido a cada ruta de monta\u00f1a. Para comenzar, la suela Energy Grip Trail te proporciona el tipo de conexi\u00f3n de alta energ\u00eda que maximiza tu potencia de pedaleo.\u00a0La suela tambi\u00e9n incorpora el taqueado Contagrip; la forma de los tacos te proporciona la m\u00e1xima tracci\u00f3n, tanto en seco como en mojado. Para aumentar la comodidad, hemos a\u00f1adido la plantilla OrthoLite, que ofrece un acolchado superior al montar en bici o a pie.<\/p>\n","protected":false},"featured_media":9070,"comment_status":"open","ping_status":"closed","template":"","meta":{"nf_dc_page":""},"product_brand":[],"product_cat":[41,24,261,259,110,26,106],"product_tag":[260],"class_list":{"0":"post-9043","1":"product","2":"type-product","3":"status-publish","4":"has-post-thumbnail","6":"product_cat-basicos","7":"product_cat-marca","8":"product_cat-mavic-marca-ropa-y-outfit","9":"product_cat-mavic","10":"product_cat-mtb","11":"product_cat-ropa-y-outfit","12":"product_cat-zapatos-de-ciclismo","13":"product_tag-mavic","15":"first","16":"outofstock","17":"taxable","18":"shipping-taxable","19":"product-type-variable"},"jetpack_sharing_enabled":true,"_links":{"self":[{"href":"https:\/\/goodbike2.goodbikestore.com\/shop\/wp-json\/wp\/v2\/product\/9043","targetHints":{"allow":["GET"]}}],"collection":[{"href":"https:\/\/goodbike2.goodbikestore.com\/shop\/wp-json\/wp\/v2\/product"}],"about":[{"href":"https:\/\/goodbike2.goodbikestore.com\/shop\/wp-json\/wp\/v2\/types\/product"}],"replies":[{"embeddable":true,"href":"https:\/\/goodbike2.goodbikestore.com\/shop\/wp-json\/wp\/v2\/comments?post=9043"}],"wp:featuredmedia":[{"embeddable":true,"href":"https:\/\/goodbike2.goodbikestore.com\/shop\/wp-json\/wp\/v2\/media\/9070"}],"wp:attachment":[{"href":"https:\/\/goodbike2.goodbikestore.com\/shop\/wp-json\/wp\/v2\/media?parent=9043"}],"wp:term":[{"taxonomy":"product_brand","embeddable":true,"href":"https:\/\/goodbike2.goodbikestore.com\/shop\/wp-json\/wp\/v2\/product_brand?post=9043"},{"taxonomy":"product_cat","embeddable":true,"href":"https:\/\/goodbike2.goodbikestore.com\/shop\/wp-json\/wp\/v2\/product_cat?post=9043"},{"taxonomy":"product_tag","embeddable":true,"href":"https:\/\/goodbike2.goodbikestore.com\/shop\/wp-json\/wp\/v2\/product_tag?post=9043"}],"curies":[{"name":"wp","href":"https:\/\/api.w.org\/{rel}","templated":true}]}}