{"id":9039,"date":"2023-08-24T22:06:14","date_gmt":"2023-08-24T22:06:14","guid":{"rendered":"https:\/\/goodbike2.goodbikestore.com\/shop\/?post_type=product&#038;p=9039"},"modified":"2023-08-24T22:06:27","modified_gmt":"2023-08-24T22:06:27","slug":"zapatillas-mavic-cosmic-elite","status":"publish","type":"product","link":"https:\/\/goodbike2.goodbikestore.com\/shop\/product\/zapatillas-mavic-cosmic-elite\/","title":{"rendered":"ZAPATILLAS MAVIC COSMIC ELITE"},"content":{"rendered":"","protected":false},"excerpt":{"rendered":"<p style=\"text-align: center;\">Las zapatillas Mavic Cosmic Elite son unas zapatillas de carretera ligeras y ventiladas que mantienen tus pies c\u00f3modos y frescos de principio a fin. Inspiradas en las zonas alpinas y fabricadas para la monta\u00f1a, estas zapatillas de carretera \u00a0tienen el empeine de rejilla con una confecci\u00f3n sin costuras, muy ventilada y transpirable para mantenerte fresco en las subidas largas y con tiempo c\u00e1lido. El cierre incorpora un sistema Boa combinado con cinta de Velcro para facilitar la regulaci\u00f3n del apriete y la comodidad mediante microajustes.<\/p>\n","protected":false},"featured_media":9064,"comment_status":"open","ping_status":"closed","template":"","meta":{"nf_dc_page":""},"product_brand":[],"product_cat":[52,24,261,259,26,107,106],"product_tag":[260],"class_list":{"0":"post-9039","1":"product","2":"type-product","3":"status-publish","4":"has-post-thumbnail","6":"product_cat-marca-ropa-y-outfit","7":"product_cat-marca","8":"product_cat-mavic-marca-ropa-y-outfit","9":"product_cat-mavic","10":"product_cat-ropa-y-outfit","11":"product_cat-ruta","12":"product_cat-zapatos-de-ciclismo","13":"product_tag-mavic","15":"first","16":"outofstock","17":"taxable","18":"shipping-taxable","19":"product-type-variable"},"jetpack_sharing_enabled":true,"_links":{"self":[{"href":"https:\/\/goodbike2.goodbikestore.com\/shop\/wp-json\/wp\/v2\/product\/9039","targetHints":{"allow":["GET"]}}],"collection":[{"href":"https:\/\/goodbike2.goodbikestore.com\/shop\/wp-json\/wp\/v2\/product"}],"about":[{"href":"https:\/\/goodbike2.goodbikestore.com\/shop\/wp-json\/wp\/v2\/types\/product"}],"replies":[{"embeddable":true,"href":"https:\/\/goodbike2.goodbikestore.com\/shop\/wp-json\/wp\/v2\/comments?post=9039"}],"wp:featuredmedia":[{"embeddable":true,"href":"https:\/\/goodbike2.goodbikestore.com\/shop\/wp-json\/wp\/v2\/media\/9064"}],"wp:attachment":[{"href":"https:\/\/goodbike2.goodbikestore.com\/shop\/wp-json\/wp\/v2\/media?parent=9039"}],"wp:term":[{"taxonomy":"product_brand","embeddable":true,"href":"https:\/\/goodbike2.goodbikestore.com\/shop\/wp-json\/wp\/v2\/product_brand?post=9039"},{"taxonomy":"product_cat","embeddable":true,"href":"https:\/\/goodbike2.goodbikestore.com\/shop\/wp-json\/wp\/v2\/product_cat?post=9039"},{"taxonomy":"product_tag","embeddable":true,"href":"https:\/\/goodbike2.goodbikestore.com\/shop\/wp-json\/wp\/v2\/product_tag?post=9039"}],"curies":[{"name":"wp","href":"https:\/\/api.w.org\/{rel}","templated":true}]}}