{"id":8997,"date":"2023-08-24T22:05:49","date_gmt":"2023-08-24T22:05:49","guid":{"rendered":"https:\/\/goodbike2.goodbikestore.com\/shop\/?post_type=product&#038;p=8997"},"modified":"2023-08-24T22:06:17","modified_gmt":"2023-08-24T22:06:17","slug":"fox-rodillera-negro-enduro","status":"publish","type":"product","link":"https:\/\/goodbike2.goodbikestore.com\/shop\/product\/fox-rodillera-negro-enduro\/","title":{"rendered":"FOX RODILLERA (NEGRO) ENDURO"},"content":{"rendered":"","protected":false},"excerpt":{"rendered":"<p style=\"text-align: center;\">Los protectores para rodillas est\u00e1n dise\u00f1ados para brindarte la confianza de la m\u00e1xima protecci\u00f3n contra los golpes furtivos de las ramas y m\u00e1s, al tiempo que minimizan el volumen y el peso adicionales para que a\u00fan puedas moverte libremente. Desl\u00edzalos y rasga por el sendero con la lycra que absorbe la humedad y que respira tranquilo y te mantiene fresco.<\/p>\n","protected":false},"featured_media":9051,"comment_status":"open","ping_status":"closed","template":"","meta":{"nf_dc_page":""},"product_brand":[],"product_cat":[41,237,271,273,42,26],"product_tag":[43],"class_list":{"0":"post-8997","1":"product","2":"type-product","3":"status-publish","4":"has-post-thumbnail","6":"product_cat-basicos","7":"product_cat-fox-marca-visores-de-montana","8":"product_cat-fox-marca-ropa-y-outfit","9":"product_cat-protecciones-ropa-y-outfit","10":"product_cat-protecciones","11":"product_cat-ropa-y-outfit","12":"product_tag-fox","14":"first","15":"instock","16":"taxable","17":"shipping-taxable","18":"product-type-variable"},"jetpack_sharing_enabled":true,"_links":{"self":[{"href":"https:\/\/goodbike2.goodbikestore.com\/shop\/wp-json\/wp\/v2\/product\/8997","targetHints":{"allow":["GET"]}}],"collection":[{"href":"https:\/\/goodbike2.goodbikestore.com\/shop\/wp-json\/wp\/v2\/product"}],"about":[{"href":"https:\/\/goodbike2.goodbikestore.com\/shop\/wp-json\/wp\/v2\/types\/product"}],"replies":[{"embeddable":true,"href":"https:\/\/goodbike2.goodbikestore.com\/shop\/wp-json\/wp\/v2\/comments?post=8997"}],"wp:featuredmedia":[{"embeddable":true,"href":"https:\/\/goodbike2.goodbikestore.com\/shop\/wp-json\/wp\/v2\/media\/9051"}],"wp:attachment":[{"href":"https:\/\/goodbike2.goodbikestore.com\/shop\/wp-json\/wp\/v2\/media?parent=8997"}],"wp:term":[{"taxonomy":"product_brand","embeddable":true,"href":"https:\/\/goodbike2.goodbikestore.com\/shop\/wp-json\/wp\/v2\/product_brand?post=8997"},{"taxonomy":"product_cat","embeddable":true,"href":"https:\/\/goodbike2.goodbikestore.com\/shop\/wp-json\/wp\/v2\/product_cat?post=8997"},{"taxonomy":"product_tag","embeddable":true,"href":"https:\/\/goodbike2.goodbikestore.com\/shop\/wp-json\/wp\/v2\/product_tag?post=8997"}],"curies":[{"name":"wp","href":"https:\/\/api.w.org\/{rel}","templated":true}]}}