{"id":8994,"date":"2023-08-24T22:05:49","date_gmt":"2023-08-24T22:05:49","guid":{"rendered":"https:\/\/goodbike2.goodbikestore.com\/shop\/?post_type=product&#038;p=8994"},"modified":"2023-08-24T22:06:10","modified_gmt":"2023-08-24T22:06:10","slug":"fox-backbone-negro","status":"publish","type":"product","link":"https:\/\/goodbike2.goodbikestore.com\/shop\/product\/fox-backbone-negro\/","title":{"rendered":"FOX BACKBONE NEGRO"},"content":{"rendered":"","protected":false},"excerpt":{"rendered":"<p style=\"text-align: center;\">\u00a0La Backbone est\u00e1 hecha con un tejido TruDriT que aleja el sudor del cuerpo y seca hasta cuatro veces m\u00e1s r\u00e1pido que el algod\u00f3n tradicional. Adem\u00e1s, incluye protecci\u00f3n contra el mal olor y nuestro m\u00edtico logo. Sin duda, un modelo que aporta el equilibrio perfecto entre dise\u00f1o, comodidad y rendimiento para tu estilo de vida activo.<\/p>\n","protected":false},"featured_media":9022,"comment_status":"open","ping_status":"closed","template":"","meta":{"nf_dc_page":""},"product_brand":[],"product_cat":[271,49,45,26],"product_tag":[43],"class_list":{"0":"post-8994","1":"product","2":"type-product","3":"status-publish","4":"has-post-thumbnail","6":"product_cat-fox-marca-ropa-y-outfit","7":"product_cat-jerseys","8":"product_cat-ropa-ciclismo","9":"product_cat-ropa-y-outfit","10":"product_tag-fox","12":"first","13":"instock","14":"taxable","15":"shipping-taxable","16":"product-type-variable"},"jetpack_sharing_enabled":true,"_links":{"self":[{"href":"https:\/\/goodbike2.goodbikestore.com\/shop\/wp-json\/wp\/v2\/product\/8994","targetHints":{"allow":["GET"]}}],"collection":[{"href":"https:\/\/goodbike2.goodbikestore.com\/shop\/wp-json\/wp\/v2\/product"}],"about":[{"href":"https:\/\/goodbike2.goodbikestore.com\/shop\/wp-json\/wp\/v2\/types\/product"}],"replies":[{"embeddable":true,"href":"https:\/\/goodbike2.goodbikestore.com\/shop\/wp-json\/wp\/v2\/comments?post=8994"}],"wp:featuredmedia":[{"embeddable":true,"href":"https:\/\/goodbike2.goodbikestore.com\/shop\/wp-json\/wp\/v2\/media\/9022"}],"wp:attachment":[{"href":"https:\/\/goodbike2.goodbikestore.com\/shop\/wp-json\/wp\/v2\/media?parent=8994"}],"wp:term":[{"taxonomy":"product_brand","embeddable":true,"href":"https:\/\/goodbike2.goodbikestore.com\/shop\/wp-json\/wp\/v2\/product_brand?post=8994"},{"taxonomy":"product_cat","embeddable":true,"href":"https:\/\/goodbike2.goodbikestore.com\/shop\/wp-json\/wp\/v2\/product_cat?post=8994"},{"taxonomy":"product_tag","embeddable":true,"href":"https:\/\/goodbike2.goodbikestore.com\/shop\/wp-json\/wp\/v2\/product_tag?post=8994"}],"curies":[{"name":"wp","href":"https:\/\/api.w.org\/{rel}","templated":true}]}}