{"id":8972,"date":"2023-08-24T22:05:25","date_gmt":"2023-08-24T22:05:25","guid":{"rendered":"https:\/\/goodbike2.goodbikestore.com\/shop\/?post_type=product&#038;p=8972"},"modified":"2023-08-24T22:05:59","modified_gmt":"2023-08-24T22:05:59","slug":"fox-jersey-delta-blanco-turquesa","status":"publish","type":"product","link":"https:\/\/goodbike2.goodbikestore.com\/shop\/product\/fox-jersey-delta-blanco-turquesa\/","title":{"rendered":"FOX JERSEY DELTA BLANCO TURQUESA"},"content":{"rendered":"","protected":false},"excerpt":{"rendered":"<p style=\"text-align: center;\"><span class=\"Y2IQFc\" lang=\"es\">En los d\u00edas calurosos y h\u00famedos, necesitas un maillot de MTB que trabaje tan duro como t\u00fa. El jersey de manga larga Flexair Delta mejora la conducci\u00f3n durante los meses m\u00e1s c\u00e1lidos con el tejido Polartec Delta, un tejido innovador que act\u00faa como mini radiadores para mantenerte m\u00e1s fresco, seco y c\u00f3modo. El jersey tiene un ajuste contorneado con estiramiento en 4 direcciones para una m\u00e1xima movilidad. Una manga densamente tejida brinda resistencia a la abrasi\u00f3n en \u00e1reas clave, lo que convierte al Flexair Delta en uno de los maillots m\u00e1s vers\u00e1tiles de nuestra l\u00ednea.<\/span><\/p>\n<p>&nbsp;<\/p>\n","protected":false},"featured_media":9010,"comment_status":"open","ping_status":"closed","template":"","meta":{"nf_dc_page":""},"product_brand":[],"product_cat":[271,49,54,45,26],"product_tag":[43],"class_list":{"0":"post-8972","1":"product","2":"type-product","3":"status-publish","4":"has-post-thumbnail","6":"product_cat-fox-marca-ropa-y-outfit","7":"product_cat-jerseys","8":"product_cat-jerseys-ropa-y-outfit","9":"product_cat-ropa-ciclismo","10":"product_cat-ropa-y-outfit","11":"product_tag-fox","13":"first","14":"instock","15":"taxable","16":"shipping-taxable","17":"product-type-variable"},"jetpack_sharing_enabled":true,"_links":{"self":[{"href":"https:\/\/goodbike2.goodbikestore.com\/shop\/wp-json\/wp\/v2\/product\/8972","targetHints":{"allow":["GET"]}}],"collection":[{"href":"https:\/\/goodbike2.goodbikestore.com\/shop\/wp-json\/wp\/v2\/product"}],"about":[{"href":"https:\/\/goodbike2.goodbikestore.com\/shop\/wp-json\/wp\/v2\/types\/product"}],"replies":[{"embeddable":true,"href":"https:\/\/goodbike2.goodbikestore.com\/shop\/wp-json\/wp\/v2\/comments?post=8972"}],"wp:featuredmedia":[{"embeddable":true,"href":"https:\/\/goodbike2.goodbikestore.com\/shop\/wp-json\/wp\/v2\/media\/9010"}],"wp:attachment":[{"href":"https:\/\/goodbike2.goodbikestore.com\/shop\/wp-json\/wp\/v2\/media?parent=8972"}],"wp:term":[{"taxonomy":"product_brand","embeddable":true,"href":"https:\/\/goodbike2.goodbikestore.com\/shop\/wp-json\/wp\/v2\/product_brand?post=8972"},{"taxonomy":"product_cat","embeddable":true,"href":"https:\/\/goodbike2.goodbikestore.com\/shop\/wp-json\/wp\/v2\/product_cat?post=8972"},{"taxonomy":"product_tag","embeddable":true,"href":"https:\/\/goodbike2.goodbikestore.com\/shop\/wp-json\/wp\/v2\/product_tag?post=8972"}],"curies":[{"name":"wp","href":"https:\/\/api.w.org\/{rel}","templated":true}]}}