{"id":8965,"date":"2023-08-24T22:05:25","date_gmt":"2023-08-24T22:05:25","guid":{"rendered":"https:\/\/goodbike2.goodbikestore.com\/shop\/?post_type=product&#038;p=8965"},"modified":"2023-08-24T22:05:54","modified_gmt":"2023-08-24T22:05:54","slug":"fox-flexair-ss-jersey-atcm-coral","status":"publish","type":"product","link":"https:\/\/goodbike2.goodbikestore.com\/shop\/product\/fox-flexair-ss-jersey-atcm-coral\/","title":{"rendered":"FOX FLEXAIR SS JERSEY ATCM CORAL"},"content":{"rendered":"","protected":false},"excerpt":{"rendered":"<p style=\"text-align: center;\">El dise\u00f1o de la \u00a0Flexair se adapta al cuerpo como un guante. Sus materiales flexibles y ligeros se anticipan a cada movimiento.\u00a0Est\u00e1 optimiza al m\u00e1ximo para darte toda la transpirabilidad y mejorar la movilidad. Aunque algunas cosas nunca cambian: la esencia de este modelo sigue siendo el tejido TruDri que evacua r\u00e1pidamente la humedad para mantener la piel fresca y seca. Las mangas de corte deportivo con pinzas articuladas ofrecen un ajuste a medida en posici\u00f3n de carrera. Los orificios de ventilaci\u00f3n cortados a l\u00e1ser en los brazos incrementan la transpirabilidad.<\/p>\n","protected":false},"featured_media":9004,"comment_status":"open","ping_status":"closed","template":"","meta":{"nf_dc_page":""},"product_brand":[],"product_cat":[25,49,54,24,45,26],"product_tag":[43],"class_list":{"0":"post-8965","1":"product","2":"type-product","3":"status-publish","4":"has-post-thumbnail","6":"product_cat-fox","7":"product_cat-jerseys","8":"product_cat-jerseys-ropa-y-outfit","9":"product_cat-marca","10":"product_cat-ropa-ciclismo","11":"product_cat-ropa-y-outfit","12":"product_tag-fox","14":"first","15":"instock","16":"taxable","17":"shipping-taxable","18":"product-type-variable"},"jetpack_sharing_enabled":true,"_links":{"self":[{"href":"https:\/\/goodbike2.goodbikestore.com\/shop\/wp-json\/wp\/v2\/product\/8965","targetHints":{"allow":["GET"]}}],"collection":[{"href":"https:\/\/goodbike2.goodbikestore.com\/shop\/wp-json\/wp\/v2\/product"}],"about":[{"href":"https:\/\/goodbike2.goodbikestore.com\/shop\/wp-json\/wp\/v2\/types\/product"}],"replies":[{"embeddable":true,"href":"https:\/\/goodbike2.goodbikestore.com\/shop\/wp-json\/wp\/v2\/comments?post=8965"}],"wp:featuredmedia":[{"embeddable":true,"href":"https:\/\/goodbike2.goodbikestore.com\/shop\/wp-json\/wp\/v2\/media\/9004"}],"wp:attachment":[{"href":"https:\/\/goodbike2.goodbikestore.com\/shop\/wp-json\/wp\/v2\/media?parent=8965"}],"wp:term":[{"taxonomy":"product_brand","embeddable":true,"href":"https:\/\/goodbike2.goodbikestore.com\/shop\/wp-json\/wp\/v2\/product_brand?post=8965"},{"taxonomy":"product_cat","embeddable":true,"href":"https:\/\/goodbike2.goodbikestore.com\/shop\/wp-json\/wp\/v2\/product_cat?post=8965"},{"taxonomy":"product_tag","embeddable":true,"href":"https:\/\/goodbike2.goodbikestore.com\/shop\/wp-json\/wp\/v2\/product_tag?post=8965"}],"curies":[{"name":"wp","href":"https:\/\/api.w.org\/{rel}","templated":true}]}}