{"id":8935,"date":"2023-08-24T22:04:49","date_gmt":"2023-08-24T22:04:49","guid":{"rendered":"https:\/\/goodbike2.goodbikestore.com\/shop\/?post_type=product&#038;p=8935"},"modified":"2023-08-24T22:05:22","modified_gmt":"2023-08-24T22:05:22","slug":"camelbak-chaleco-mochila-de-hidratacion-circuit","status":"publish","type":"product","link":"https:\/\/goodbike2.goodbikestore.com\/shop\/product\/camelbak-chaleco-mochila-de-hidratacion-circuit\/","title":{"rendered":"CAMELBAK CHALECO (MOCHILA DE HIDRATACION) CIRCUIT"},"content":{"rendered":"","protected":false},"excerpt":{"rendered":"<p style=\"text-align: center;\">El chaleco Circuit incluye una bolsa de hidrataci\u00f3n de 1,5 litros. El bolsillo con cremallera seguro se adapta a la mayor\u00eda de los tel\u00e9fonos inteligentes y los bolsillos delanteros abiertos del arn\u00e9s est\u00e1n dise\u00f1ados espec\u00edficamente para frascos Quick Stow si necesitas hidrataci\u00f3n adicional. Se puede utilizar para una variedad de actividades y gracias a la compresi\u00f3n lateral es altamente ajustable, garantiza un ajuste estable en cualquier terreno.<\/p>\n","protected":false},"featured_media":8957,"comment_status":"open","ping_status":"closed","template":"","meta":{"nf_dc_page":""},"product_brand":[],"product_cat":[28,67,268,65,24,251,83,118],"product_tag":[68],"class_list":{"0":"post-8935","1":"product","2":"type-product","3":"status-publish","4":"has-post-thumbnail","6":"product_cat-accesorios","7":"product_cat-camelbak","8":"product_cat-camelblack","9":"product_cat-esenciales","10":"product_cat-marca","11":"product_cat-marca-accesorios","12":"product_cat-mochilas","13":"product_cat-porta-anforas","14":"product_tag-camelbak","16":"first","17":"instock","18":"taxable","19":"shipping-taxable","20":"product-type-variable"},"jetpack_sharing_enabled":true,"_links":{"self":[{"href":"https:\/\/goodbike2.goodbikestore.com\/shop\/wp-json\/wp\/v2\/product\/8935","targetHints":{"allow":["GET"]}}],"collection":[{"href":"https:\/\/goodbike2.goodbikestore.com\/shop\/wp-json\/wp\/v2\/product"}],"about":[{"href":"https:\/\/goodbike2.goodbikestore.com\/shop\/wp-json\/wp\/v2\/types\/product"}],"replies":[{"embeddable":true,"href":"https:\/\/goodbike2.goodbikestore.com\/shop\/wp-json\/wp\/v2\/comments?post=8935"}],"wp:featuredmedia":[{"embeddable":true,"href":"https:\/\/goodbike2.goodbikestore.com\/shop\/wp-json\/wp\/v2\/media\/8957"}],"wp:attachment":[{"href":"https:\/\/goodbike2.goodbikestore.com\/shop\/wp-json\/wp\/v2\/media?parent=8935"}],"wp:term":[{"taxonomy":"product_brand","embeddable":true,"href":"https:\/\/goodbike2.goodbikestore.com\/shop\/wp-json\/wp\/v2\/product_brand?post=8935"},{"taxonomy":"product_cat","embeddable":true,"href":"https:\/\/goodbike2.goodbikestore.com\/shop\/wp-json\/wp\/v2\/product_cat?post=8935"},{"taxonomy":"product_tag","embeddable":true,"href":"https:\/\/goodbike2.goodbikestore.com\/shop\/wp-json\/wp\/v2\/product_tag?post=8935"}],"curies":[{"name":"wp","href":"https:\/\/api.w.org\/{rel}","templated":true}]}}