{"id":8897,"date":"2023-08-24T22:04:24","date_gmt":"2023-08-24T22:04:24","guid":{"rendered":"https:\/\/goodbike2.goodbikestore.com\/shop\/?post_type=product&#038;p=8897"},"modified":"2023-08-24T22:04:37","modified_gmt":"2023-08-24T22:04:37","slug":"mavic-casco-ksyrium-mips","status":"publish","type":"product","link":"https:\/\/goodbike2.goodbikestore.com\/shop\/product\/mavic-casco-ksyrium-mips\/","title":{"rendered":"MAVIC CASCO KSYRIUM MIPS"},"content":{"rendered":"","protected":false},"excerpt":{"rendered":"<p style=\"text-align: left;\">El Casco para ciclismo Mavic Ksyrium mips es ergon\u00f3mico para distancia larga con ajuste y comodidad \u00f3ptima durante horas.<\/p>\n<p>\u00a0 \u00a0Caracter\u00edsticas<\/p>\n<ul>\n<li>La tecnolog\u00eda Live Fit SL permite un ajuste adaptativo sin comprometer el peso, gracias a la construcci\u00f3n ligera con espuma XRD.<\/li>\n<li>El sistema de retenci\u00f3n Ergo Hold SL ofrece ajuste, comodidad y sujeci\u00f3n \u00f3ptimos.<\/li>\n<li>El acolchado progresivo Ksyrium Pro Pad proporciona un confort incre\u00edble.<\/li>\n<li>Ajuste ergon\u00f3mico.<\/li>\n<li>Ergon\u00f3micamente formado para ajustarse a la cabeza de forma natural y c\u00f3moda, con protecci\u00f3n adicional en la nuca.<\/li>\n<li>El tejido 37.5 empleado en el acolchado utiliza part\u00edculas activas para atraer la humedad y el vapor, absorbiendo el calor de la cabeza, y acelerando la evaporaci\u00f3n y transpirabilidad.<\/li>\n<li>22 aberturas Clima Vent, proporcionan una \u00f3ptima gesti\u00f3n del calor, manteni\u00e9ndote fresco en las rutas m\u00e1s largas.<\/li>\n<li>Tecnolog\u00eda Mips.<\/li>\n<\/ul>\n<p>&nbsp;<\/p>\n<p>&nbsp;<\/p>\n","protected":false},"featured_media":8916,"comment_status":"open","ping_status":"closed","template":"","meta":{"nf_dc_page":""},"product_brand":[],"product_cat":[41,72,24,259,261],"product_tag":[260],"class_list":{"0":"post-8897","1":"product","2":"type-product","3":"status-publish","4":"has-post-thumbnail","6":"product_cat-basicos","7":"product_cat-cascos","8":"product_cat-marca","9":"product_cat-mavic","10":"product_cat-mavic-marca-ropa-y-outfit","11":"product_tag-mavic","13":"first","14":"instock","15":"taxable","16":"shipping-taxable","17":"product-type-variable"},"jetpack_sharing_enabled":true,"_links":{"self":[{"href":"https:\/\/goodbike2.goodbikestore.com\/shop\/wp-json\/wp\/v2\/product\/8897","targetHints":{"allow":["GET"]}}],"collection":[{"href":"https:\/\/goodbike2.goodbikestore.com\/shop\/wp-json\/wp\/v2\/product"}],"about":[{"href":"https:\/\/goodbike2.goodbikestore.com\/shop\/wp-json\/wp\/v2\/types\/product"}],"replies":[{"embeddable":true,"href":"https:\/\/goodbike2.goodbikestore.com\/shop\/wp-json\/wp\/v2\/comments?post=8897"}],"wp:featuredmedia":[{"embeddable":true,"href":"https:\/\/goodbike2.goodbikestore.com\/shop\/wp-json\/wp\/v2\/media\/8916"}],"wp:attachment":[{"href":"https:\/\/goodbike2.goodbikestore.com\/shop\/wp-json\/wp\/v2\/media?parent=8897"}],"wp:term":[{"taxonomy":"product_brand","embeddable":true,"href":"https:\/\/goodbike2.goodbikestore.com\/shop\/wp-json\/wp\/v2\/product_brand?post=8897"},{"taxonomy":"product_cat","embeddable":true,"href":"https:\/\/goodbike2.goodbikestore.com\/shop\/wp-json\/wp\/v2\/product_cat?post=8897"},{"taxonomy":"product_tag","embeddable":true,"href":"https:\/\/goodbike2.goodbikestore.com\/shop\/wp-json\/wp\/v2\/product_tag?post=8897"}],"curies":[{"name":"wp","href":"https:\/\/api.w.org\/{rel}","templated":true}]}}