{"id":8894,"date":"2023-08-24T22:04:24","date_gmt":"2023-08-24T22:04:24","guid":{"rendered":"https:\/\/goodbike2.goodbikestore.com\/shop\/?post_type=product&#038;p=8894"},"modified":"2023-08-24T22:04:35","modified_gmt":"2023-08-24T22:04:35","slug":"mavic-casco-comete-ultimate-mips","status":"publish","type":"product","link":"https:\/\/goodbike2.goodbikestore.com\/shop\/product\/mavic-casco-comete-ultimate-mips\/","title":{"rendered":"MAVIC CASCO COMETE ULTIMATE MIPS"},"content":{"rendered":"","protected":false},"excerpt":{"rendered":"<p style=\"text-align: center;\">Dise\u00f1ado para cortar el viento y brindar una ventaja aerodin\u00e1mica, al tiempo que da protecci\u00f3n y comodidad. El\u00a0Comete Ultimate ofrece una mejor protecci\u00f3n contra impactos a trav\u00e9s de la combinaci\u00f3n \u00fanica de dos tecnolog\u00edas de seguridad innovadoras.\u00a0En primer lugar, utilizamos la tecnolog\u00eda EPS-4D que proporciona hasta un 30 % m\u00e1s de absorci\u00f3n de impactos que la construcci\u00f3n EPS est\u00e1ndar. Adem\u00e1s integramos el sistema Mips, que puede reducir las fuerzas de rotaci\u00f3n de un choque con su capa interna de baja fricci\u00f3n.<\/p>\n<p>&nbsp;<\/p>\n","protected":false},"featured_media":8914,"comment_status":"open","ping_status":"closed","template":"","meta":{"nf_dc_page":""},"product_brand":[],"product_cat":[41,72,24,259,261],"product_tag":[260],"class_list":{"0":"post-8894","1":"product","2":"type-product","3":"status-publish","4":"has-post-thumbnail","6":"product_cat-basicos","7":"product_cat-cascos","8":"product_cat-marca","9":"product_cat-mavic","10":"product_cat-mavic-marca-ropa-y-outfit","11":"product_tag-mavic","13":"first","14":"outofstock","15":"taxable","16":"shipping-taxable","17":"product-type-variable","18":"has-default-attributes"},"jetpack_sharing_enabled":true,"_links":{"self":[{"href":"https:\/\/goodbike2.goodbikestore.com\/shop\/wp-json\/wp\/v2\/product\/8894","targetHints":{"allow":["GET"]}}],"collection":[{"href":"https:\/\/goodbike2.goodbikestore.com\/shop\/wp-json\/wp\/v2\/product"}],"about":[{"href":"https:\/\/goodbike2.goodbikestore.com\/shop\/wp-json\/wp\/v2\/types\/product"}],"replies":[{"embeddable":true,"href":"https:\/\/goodbike2.goodbikestore.com\/shop\/wp-json\/wp\/v2\/comments?post=8894"}],"wp:featuredmedia":[{"embeddable":true,"href":"https:\/\/goodbike2.goodbikestore.com\/shop\/wp-json\/wp\/v2\/media\/8914"}],"wp:attachment":[{"href":"https:\/\/goodbike2.goodbikestore.com\/shop\/wp-json\/wp\/v2\/media?parent=8894"}],"wp:term":[{"taxonomy":"product_brand","embeddable":true,"href":"https:\/\/goodbike2.goodbikestore.com\/shop\/wp-json\/wp\/v2\/product_brand?post=8894"},{"taxonomy":"product_cat","embeddable":true,"href":"https:\/\/goodbike2.goodbikestore.com\/shop\/wp-json\/wp\/v2\/product_cat?post=8894"},{"taxonomy":"product_tag","embeddable":true,"href":"https:\/\/goodbike2.goodbikestore.com\/shop\/wp-json\/wp\/v2\/product_tag?post=8894"}],"curies":[{"name":"wp","href":"https:\/\/api.w.org\/{rel}","templated":true}]}}