{"id":8801,"date":"2023-08-24T22:03:11","date_gmt":"2023-08-24T22:03:11","guid":{"rendered":"https:\/\/goodbike2.goodbikestore.com\/shop\/?post_type=product&#038;p=8801"},"modified":"2023-08-24T22:03:40","modified_gmt":"2023-08-24T22:03:40","slug":"kali-casco-fullface-invader-2-0","status":"publish","type":"product","link":"https:\/\/goodbike2.goodbikestore.com\/shop\/product\/kali-casco-fullface-invader-2-0\/","title":{"rendered":"KALI CASCO FULLFACE INVADER 2.0"},"content":{"rendered":"","protected":false},"excerpt":{"rendered":"<p class=\"tw-data-text tw-text-large tw-ta\" dir=\"ltr\" data-placeholder=\"Traducci\u00f3n\"><span class=\"Y2IQFc\" lang=\"es\">El Invader 2.0 te brinda la confianza y seguridad que est\u00e1s buscando, e<\/span><span class=\"Y2IQFc\" lang=\"es\">ste casco est\u00e1 construido de una sola pieza, lo que le permite pasar las pruebas de mentonera de motocicleta. El Invader 2.0 viene con una gran selecci\u00f3n de almohadillas antibacterianas, 3 tama\u00f1os de almohadillas para las mejillas, lo que le permite crear su propio ajuste personalizado. Tambi\u00e9n viene con una visera ajustable y un sistema de cierre Fidlock y un nuevo sistema de ajuste de frecuencia que permite el ajuste vertical y del dial.<\/span><\/p>\n<p>&nbsp;<\/p>\n","protected":false},"featured_media":8842,"comment_status":"open","ping_status":"closed","template":"","meta":{"nf_dc_page":""},"product_brand":[],"product_cat":[72,248,26],"product_tag":[249],"class_list":{"0":"post-8801","1":"product","2":"type-product","3":"status-publish","4":"has-post-thumbnail","6":"product_cat-cascos","7":"product_cat-kali","8":"product_cat-ropa-y-outfit","9":"product_tag-kali","11":"first","12":"outofstock","13":"taxable","14":"shipping-taxable","15":"product-type-variable"},"jetpack_sharing_enabled":true,"_links":{"self":[{"href":"https:\/\/goodbike2.goodbikestore.com\/shop\/wp-json\/wp\/v2\/product\/8801","targetHints":{"allow":["GET"]}}],"collection":[{"href":"https:\/\/goodbike2.goodbikestore.com\/shop\/wp-json\/wp\/v2\/product"}],"about":[{"href":"https:\/\/goodbike2.goodbikestore.com\/shop\/wp-json\/wp\/v2\/types\/product"}],"replies":[{"embeddable":true,"href":"https:\/\/goodbike2.goodbikestore.com\/shop\/wp-json\/wp\/v2\/comments?post=8801"}],"wp:featuredmedia":[{"embeddable":true,"href":"https:\/\/goodbike2.goodbikestore.com\/shop\/wp-json\/wp\/v2\/media\/8842"}],"wp:attachment":[{"href":"https:\/\/goodbike2.goodbikestore.com\/shop\/wp-json\/wp\/v2\/media?parent=8801"}],"wp:term":[{"taxonomy":"product_brand","embeddable":true,"href":"https:\/\/goodbike2.goodbikestore.com\/shop\/wp-json\/wp\/v2\/product_brand?post=8801"},{"taxonomy":"product_cat","embeddable":true,"href":"https:\/\/goodbike2.goodbikestore.com\/shop\/wp-json\/wp\/v2\/product_cat?post=8801"},{"taxonomy":"product_tag","embeddable":true,"href":"https:\/\/goodbike2.goodbikestore.com\/shop\/wp-json\/wp\/v2\/product_tag?post=8801"}],"curies":[{"name":"wp","href":"https:\/\/api.w.org\/{rel}","templated":true}]}}