{"id":8795,"date":"2023-08-24T22:03:11","date_gmt":"2023-08-24T22:03:11","guid":{"rendered":"https:\/\/goodbike2.goodbikestore.com\/shop\/?post_type=product&#038;p=8795"},"modified":"2023-08-24T22:03:28","modified_gmt":"2023-08-24T22:03:28","slug":"jersey-fox-ranger-henley","status":"publish","type":"product","link":"https:\/\/goodbike2.goodbikestore.com\/shop\/product\/jersey-fox-ranger-henley\/","title":{"rendered":"JERSEY FOX RANGER HENLEY"},"content":{"rendered":"","protected":false},"excerpt":{"rendered":"<p style=\"text-align: center;\">La Ranger drirelease\u00ae Henley combina el estilo atemporal del cuello Henley con todo el rendimiento que buscas: un modelo infalible para abrir nuevos caminos. Sienta bien tanto dentro como fuera de la pista y su tejido drirelease aleja el sudor del cuerpo para mantener la piel fresca y seca, adem\u00e1s de evitar malos olores. Gracias a que su tejido seca cuatro veces m\u00e1s r\u00e1pido que el algod\u00f3n, esta camiseta t\u00e9cnica estar\u00e1 lista para seguirte adonde quieras despu\u00e9s de la carrera.<\/p>\n<div class=\"tab-content\"><\/div>\n","protected":false},"featured_media":8823,"comment_status":"open","ping_status":"closed","template":"","meta":{"nf_dc_page":""},"product_brand":[],"product_cat":[25,237,49,54,45,26],"product_tag":[43],"class_list":{"0":"post-8795","1":"product","2":"type-product","3":"status-publish","4":"has-post-thumbnail","6":"product_cat-fox","7":"product_cat-fox-marca-visores-de-montana","8":"product_cat-jerseys","9":"product_cat-jerseys-ropa-y-outfit","10":"product_cat-ropa-ciclismo","11":"product_cat-ropa-y-outfit","12":"product_tag-fox","14":"first","15":"outofstock","16":"taxable","17":"shipping-taxable","18":"product-type-variable"},"jetpack_sharing_enabled":true,"_links":{"self":[{"href":"https:\/\/goodbike2.goodbikestore.com\/shop\/wp-json\/wp\/v2\/product\/8795","targetHints":{"allow":["GET"]}}],"collection":[{"href":"https:\/\/goodbike2.goodbikestore.com\/shop\/wp-json\/wp\/v2\/product"}],"about":[{"href":"https:\/\/goodbike2.goodbikestore.com\/shop\/wp-json\/wp\/v2\/types\/product"}],"replies":[{"embeddable":true,"href":"https:\/\/goodbike2.goodbikestore.com\/shop\/wp-json\/wp\/v2\/comments?post=8795"}],"wp:featuredmedia":[{"embeddable":true,"href":"https:\/\/goodbike2.goodbikestore.com\/shop\/wp-json\/wp\/v2\/media\/8823"}],"wp:attachment":[{"href":"https:\/\/goodbike2.goodbikestore.com\/shop\/wp-json\/wp\/v2\/media?parent=8795"}],"wp:term":[{"taxonomy":"product_brand","embeddable":true,"href":"https:\/\/goodbike2.goodbikestore.com\/shop\/wp-json\/wp\/v2\/product_brand?post=8795"},{"taxonomy":"product_cat","embeddable":true,"href":"https:\/\/goodbike2.goodbikestore.com\/shop\/wp-json\/wp\/v2\/product_cat?post=8795"},{"taxonomy":"product_tag","embeddable":true,"href":"https:\/\/goodbike2.goodbikestore.com\/shop\/wp-json\/wp\/v2\/product_tag?post=8795"}],"curies":[{"name":"wp","href":"https:\/\/api.w.org\/{rel}","templated":true}]}}