{"id":8793,"date":"2023-08-24T22:03:10","date_gmt":"2023-08-24T22:03:10","guid":{"rendered":"https:\/\/goodbike2.goodbikestore.com\/shop\/?post_type=product&#038;p=8793"},"modified":"2023-08-24T22:03:24","modified_gmt":"2023-08-24T22:03:24","slug":"jelly-beans-sport-beans","status":"publish","type":"product","link":"https:\/\/goodbike2.goodbikestore.com\/shop\/product\/jelly-beans-sport-beans\/","title":{"rendered":"Jelly beans sport beans"},"content":{"rendered":"","protected":false},"excerpt":{"rendered":"<p style=\"text-align: left;\">Sport Beans <span class=\"Y2IQFc\" lang=\"es\">sabores variados de Jelly Belly.\u00a0<\/span><span class=\"Y2IQFc\" lang=\"es\">Con vitaminas B, C y electrolitos. Ideal para hacer ejercicio. Hecho con sabores y colores naturales de fuentes naturales.<\/span><\/p>\n<p>Cons\u00famelos acompa\u00f1ados de un poco de agua cada 30 a 45 minutos durante la actividad f\u00edsica.<\/p>\n<pre id=\"tw-target-text\" class=\"tw-data-text tw-text-large tw-ta\" dir=\"ltr\" data-placeholder=\"Traducci\u00f3n\"><\/pre>\n","protected":false},"featured_media":8820,"comment_status":"open","ping_status":"closed","template":"","meta":{"nf_dc_page":""},"product_brand":[],"product_cat":[69,246,38],"product_tag":[247],"class_list":{"0":"post-8793","1":"product","2":"type-product","3":"status-publish","4":"has-post-thumbnail","6":"product_cat-geles-y-barras","7":"product_cat-gomitas","8":"product_cat-nutricion","9":"product_tag-sport-beans","11":"first","12":"instock","13":"taxable","14":"shipping-taxable","15":"product-type-variable"},"jetpack_sharing_enabled":true,"_links":{"self":[{"href":"https:\/\/goodbike2.goodbikestore.com\/shop\/wp-json\/wp\/v2\/product\/8793","targetHints":{"allow":["GET"]}}],"collection":[{"href":"https:\/\/goodbike2.goodbikestore.com\/shop\/wp-json\/wp\/v2\/product"}],"about":[{"href":"https:\/\/goodbike2.goodbikestore.com\/shop\/wp-json\/wp\/v2\/types\/product"}],"replies":[{"embeddable":true,"href":"https:\/\/goodbike2.goodbikestore.com\/shop\/wp-json\/wp\/v2\/comments?post=8793"}],"wp:featuredmedia":[{"embeddable":true,"href":"https:\/\/goodbike2.goodbikestore.com\/shop\/wp-json\/wp\/v2\/media\/8820"}],"wp:attachment":[{"href":"https:\/\/goodbike2.goodbikestore.com\/shop\/wp-json\/wp\/v2\/media?parent=8793"}],"wp:term":[{"taxonomy":"product_brand","embeddable":true,"href":"https:\/\/goodbike2.goodbikestore.com\/shop\/wp-json\/wp\/v2\/product_brand?post=8793"},{"taxonomy":"product_cat","embeddable":true,"href":"https:\/\/goodbike2.goodbikestore.com\/shop\/wp-json\/wp\/v2\/product_cat?post=8793"},{"taxonomy":"product_tag","embeddable":true,"href":"https:\/\/goodbike2.goodbikestore.com\/shop\/wp-json\/wp\/v2\/product_tag?post=8793"}],"curies":[{"name":"wp","href":"https:\/\/api.w.org\/{rel}","templated":true}]}}