{"id":8763,"date":"2023-08-24T22:02:46","date_gmt":"2023-08-24T22:02:46","guid":{"rendered":"https:\/\/goodbike2.goodbikestore.com\/shop\/?post_type=product&#038;p=8763"},"modified":"2023-08-24T22:03:02","modified_gmt":"2023-08-24T22:03:02","slug":"bicicleta-orbea-ordu-m20ltd","status":"publish","type":"product","link":"https:\/\/goodbike2.goodbikestore.com\/shop\/product\/bicicleta-orbea-ordu-m20ltd\/","title":{"rendered":"Bicicleta orbea ordu m20ltd"},"content":{"rendered":"","protected":false},"excerpt":{"rendered":"<p style=\"text-align: center;\">Del mismo modo que el triatl\u00f3n es una competici\u00f3n formada por m\u00faltiples disciplinas, Ordu es el equilibrio perfecto entre aerodin\u00e1mica, peso, pilotaje y ergonom\u00eda. Una vez que hayas experimentado todas las ventajas de Ordu, te ser\u00e1 imposible volver a sentir confianza en una m\u00e1quina inferior.\u00a0Para quienes buscan la mayor velocidad, la mayor eficiencia y la victoria, Ordu es el futuro. Ni tu ni el triatl\u00f3n ser\u00e1n iguales.<\/p>\n<p><b>\u00a0 \u00a0Especificaciones\u00a0<\/b><\/p>\n<ul>\n<li>Cuadro: Orbea Ordu carbon OMX Disc, monocoque construction.<\/li>\n<li>Tijera: Orbea Ordu OMX ICR fork 2021, full carbon.<\/li>\n<li>Frenos: TRP, frenos de disco hidr\u00e1ulico.<\/li>\n<li>Desviador: Shimano Ultegra<\/li>\n<li>Cassette: Vegast Aero 36x52t.<\/li>\n<li>Crankset: Shimano Ultegra, 11 velocidades.<\/li>\n<li>Manetas: Shimano Bar End SL-BSR1.<\/li>\n<li>Manubrio: Orbea Ordu OMX.<\/li>\n<\/ul>\n","protected":false},"featured_media":8785,"comment_status":"open","ping_status":"closed","template":"","meta":{"nf_dc_page":""},"product_brand":[],"product_cat":[220,24,244,225],"product_tag":[245],"class_list":{"0":"post-8763","1":"product","2":"type-product","3":"status-publish","4":"has-post-thumbnail","6":"product_cat-bicicletas","7":"product_cat-marca","8":"product_cat-orbea","9":"product_cat-triatlon-bicicletas","10":"product_tag-orbea","12":"first","13":"instock","14":"taxable","15":"shipping-taxable","16":"product-type-variable"},"jetpack_sharing_enabled":true,"_links":{"self":[{"href":"https:\/\/goodbike2.goodbikestore.com\/shop\/wp-json\/wp\/v2\/product\/8763","targetHints":{"allow":["GET"]}}],"collection":[{"href":"https:\/\/goodbike2.goodbikestore.com\/shop\/wp-json\/wp\/v2\/product"}],"about":[{"href":"https:\/\/goodbike2.goodbikestore.com\/shop\/wp-json\/wp\/v2\/types\/product"}],"replies":[{"embeddable":true,"href":"https:\/\/goodbike2.goodbikestore.com\/shop\/wp-json\/wp\/v2\/comments?post=8763"}],"wp:featuredmedia":[{"embeddable":true,"href":"https:\/\/goodbike2.goodbikestore.com\/shop\/wp-json\/wp\/v2\/media\/8785"}],"wp:attachment":[{"href":"https:\/\/goodbike2.goodbikestore.com\/shop\/wp-json\/wp\/v2\/media?parent=8763"}],"wp:term":[{"taxonomy":"product_brand","embeddable":true,"href":"https:\/\/goodbike2.goodbikestore.com\/shop\/wp-json\/wp\/v2\/product_brand?post=8763"},{"taxonomy":"product_cat","embeddable":true,"href":"https:\/\/goodbike2.goodbikestore.com\/shop\/wp-json\/wp\/v2\/product_cat?post=8763"},{"taxonomy":"product_tag","embeddable":true,"href":"https:\/\/goodbike2.goodbikestore.com\/shop\/wp-json\/wp\/v2\/product_tag?post=8763"}],"curies":[{"name":"wp","href":"https:\/\/api.w.org\/{rel}","templated":true}]}}