{"id":8725,"date":"2023-08-24T22:01:15","date_gmt":"2023-08-24T22:01:15","guid":{"rendered":"https:\/\/goodbike2.goodbikestore.com\/shop\/?post_type=product&#038;p=8725"},"modified":"2023-08-24T22:02:32","modified_gmt":"2023-08-24T22:02:32","slug":"bmc-alr-one","status":"publish","type":"product","link":"https:\/\/goodbike2.goodbikestore.com\/shop\/product\/bmc-alr-one\/","title":{"rendered":"Bmc alr one"},"content":{"rendered":"","protected":false},"excerpt":{"rendered":"<p style=\"text-align: center;\">La soldaduras lisas y el conificado de los tubos de tama\u00f1o espec\u00edfico aseguran una referencia entre rigidez y\u00a0peso. Flexi\u00f3n para carreras de todo el d\u00eda. La tecnolog\u00eda Tuned Compliance Concept Race se basa en la horquilla ACE de carbono, en los finos tirantes y en la tija de sill\u00edn con forma de \u201cD\u201d para amortiguar las vibraciones de la carretera y ofrecer una conducci\u00f3n eficiente y din\u00e1mica.<\/p>\n<p><b>\u00a0 Especificaciones\u00a0<\/b><\/p>\n<ul>\n<li>Cuadro:\u00a0<span style=\"font-family: -apple-system, BlinkMacSystemFont, 'Segoe UI', Roboto, 'Helvetica Neue', Arial, 'Noto Sans', sans-serif, 'Apple Color Emoji', 'Segoe UI Emoji', 'Segoe UI Symbol', 'Noto Color Emoji'; font-size: 1rem; white-space: pre-wrap;\">Equipo de aleaci\u00f3n ALR Premium.<\/span><span style=\"font-family: -apple-system, BlinkMacSystemFont, 'Segoe UI', Roboto, 'Helvetica Neue', Arial, 'Noto Sans', sans-serif, 'Apple Color Emoji', 'Segoe UI Emoji', 'Segoe UI Symbol', 'Noto Color Emoji'; font-size: 1rem; white-space: pre-wrap;\"> Aluminio de triple conificado, hidroformado y soldadura suave.<\/span><\/li>\n<li>Tijera: Teammachine ALR Carbon.<\/li>\n<li>Frenos: Shimano 105<\/li>\n<li>Desviador trasero: Shimano 105<\/li>\n<li>Desviador delantero: Shimano 105<\/li>\n<li>Crankset:\u00a0Shimano FC-RS510, 50-34T<\/li>\n<li>Cassette: Shimano 105, 11-32T.<\/li>\n<li>Palancas: Shimano 105<\/li>\n<li>Ruedas:\u00a0Mavic CXP Black.<\/li>\n<li>Llantas:\u00a0Vittoria Zaffiro Pro Slick, 25 mm.<\/li>\n<\/ul>\n<p>&nbsp;<\/p>\n","protected":false},"featured_media":8751,"comment_status":"open","ping_status":"closed","template":"","meta":{"nf_dc_page":""},"product_brand":[],"product_cat":[220,221,24,227,242,222],"product_tag":[198],"class_list":{"0":"post-8725","1":"product","2":"type-product","3":"status-publish","4":"has-post-thumbnail","6":"product_cat-bicicletas","7":"product_cat-bmc","8":"product_cat-marca","9":"product_cat-ruta-bicicletas","10":"product_cat-talla-47","11":"product_cat-talla-bicicleta","12":"product_tag-bmc","14":"first","15":"outofstock","16":"taxable","17":"shipping-taxable","18":"product-type-variable"},"jetpack_sharing_enabled":true,"_links":{"self":[{"href":"https:\/\/goodbike2.goodbikestore.com\/shop\/wp-json\/wp\/v2\/product\/8725","targetHints":{"allow":["GET"]}}],"collection":[{"href":"https:\/\/goodbike2.goodbikestore.com\/shop\/wp-json\/wp\/v2\/product"}],"about":[{"href":"https:\/\/goodbike2.goodbikestore.com\/shop\/wp-json\/wp\/v2\/types\/product"}],"replies":[{"embeddable":true,"href":"https:\/\/goodbike2.goodbikestore.com\/shop\/wp-json\/wp\/v2\/comments?post=8725"}],"wp:featuredmedia":[{"embeddable":true,"href":"https:\/\/goodbike2.goodbikestore.com\/shop\/wp-json\/wp\/v2\/media\/8751"}],"wp:attachment":[{"href":"https:\/\/goodbike2.goodbikestore.com\/shop\/wp-json\/wp\/v2\/media?parent=8725"}],"wp:term":[{"taxonomy":"product_brand","embeddable":true,"href":"https:\/\/goodbike2.goodbikestore.com\/shop\/wp-json\/wp\/v2\/product_brand?post=8725"},{"taxonomy":"product_cat","embeddable":true,"href":"https:\/\/goodbike2.goodbikestore.com\/shop\/wp-json\/wp\/v2\/product_cat?post=8725"},{"taxonomy":"product_tag","embeddable":true,"href":"https:\/\/goodbike2.goodbikestore.com\/shop\/wp-json\/wp\/v2\/product_tag?post=8725"}],"curies":[{"name":"wp","href":"https:\/\/api.w.org\/{rel}","templated":true}]}}