{"id":8720,"date":"2023-08-24T22:01:14","date_gmt":"2023-08-24T22:01:14","guid":{"rendered":"https:\/\/goodbike2.goodbikestore.com\/shop\/?post_type=product&#038;p=8720"},"modified":"2023-08-24T22:02:24","modified_gmt":"2023-08-24T22:02:24","slug":"lentes-oakley-jawbraker","status":"publish","type":"product","link":"https:\/\/goodbike2.goodbikestore.com\/shop\/product\/lentes-oakley-jawbraker\/","title":{"rendered":"Lentes OAKLEY JAWBRAKER"},"content":{"rendered":"","protected":false},"excerpt":{"rendered":"<p style=\"text-align: center;\">Jawbreaker es lo \u00faltimo en dise\u00f1o deportivo: la respuesta a las demandas de deportistas de primera, con una herencia de 40 a\u00f1os de excelencia sin igual. La innovaci\u00f3n de Oakley ha llegado al m\u00e1ximo de rendimiento al ofrecer desde aberturas que te permiten regular el flujo de aire de enfriamiento hasta componentes de Unobtainium para un ajuste seguro y c\u00f3modo, y con el sencillo cambio de cristales de la tecnolog\u00eda Switchlock para optimizar la visi\u00f3n en cualquier entorno.<\/p>\n","protected":false},"featured_media":8747,"comment_status":"open","ping_status":"closed","template":"","meta":{"nf_dc_page":""},"product_brand":[],"product_cat":[41,47,24,240,26],"product_tag":[218],"class_list":{"0":"post-8720","1":"product","2":"type-product","3":"status-publish","4":"has-post-thumbnail","6":"product_cat-basicos","7":"product_cat-lentes","8":"product_cat-marca","9":"product_cat-oakley","10":"product_cat-ropa-y-outfit","11":"product_tag-oakley","13":"first","14":"instock","15":"taxable","16":"shipping-taxable","17":"product-type-variable"},"jetpack_sharing_enabled":true,"_links":{"self":[{"href":"https:\/\/goodbike2.goodbikestore.com\/shop\/wp-json\/wp\/v2\/product\/8720","targetHints":{"allow":["GET"]}}],"collection":[{"href":"https:\/\/goodbike2.goodbikestore.com\/shop\/wp-json\/wp\/v2\/product"}],"about":[{"href":"https:\/\/goodbike2.goodbikestore.com\/shop\/wp-json\/wp\/v2\/types\/product"}],"replies":[{"embeddable":true,"href":"https:\/\/goodbike2.goodbikestore.com\/shop\/wp-json\/wp\/v2\/comments?post=8720"}],"wp:featuredmedia":[{"embeddable":true,"href":"https:\/\/goodbike2.goodbikestore.com\/shop\/wp-json\/wp\/v2\/media\/8747"}],"wp:attachment":[{"href":"https:\/\/goodbike2.goodbikestore.com\/shop\/wp-json\/wp\/v2\/media?parent=8720"}],"wp:term":[{"taxonomy":"product_brand","embeddable":true,"href":"https:\/\/goodbike2.goodbikestore.com\/shop\/wp-json\/wp\/v2\/product_brand?post=8720"},{"taxonomy":"product_cat","embeddable":true,"href":"https:\/\/goodbike2.goodbikestore.com\/shop\/wp-json\/wp\/v2\/product_cat?post=8720"},{"taxonomy":"product_tag","embeddable":true,"href":"https:\/\/goodbike2.goodbikestore.com\/shop\/wp-json\/wp\/v2\/product_tag?post=8720"}],"curies":[{"name":"wp","href":"https:\/\/api.w.org\/{rel}","templated":true}]}}