{"id":8583,"date":"2023-08-24T21:20:10","date_gmt":"2023-08-24T21:20:10","guid":{"rendered":"https:\/\/goodbike2.goodbikestore.com\/shop\/?post_type=product&#038;p=8583"},"modified":"2023-08-24T21:20:27","modified_gmt":"2023-08-24T21:20:27","slug":"balsamo-anti-rozaduras-body-glide","status":"publish","type":"product","link":"https:\/\/goodbike2.goodbikestore.com\/shop\/product\/balsamo-anti-rozaduras-body-glide\/","title":{"rendered":"BALSAMO ANTI-ROZADURAS BODY GLIDE"},"content":{"rendered":"","protected":false},"excerpt":{"rendered":"<p style=\"text-align: center;\"><span class=\"a-list-item\">Aplique antes de vestirse, en los muslos, el cuello, los brazos y en cualquier lugar donde se frote la piel. Detenga el problema antes de que comience.<\/span><span class=\"a-list-item\">Hecho con ingredientes libres de al\u00e9rgenos, derivados de plantas. \u00a0<\/span><span class=\"a-list-item\">La elecci\u00f3n preferida sobre cremas desordenadas, h\u00famedas, geles y polvos. Sin petr\u00f3leo, lanolina o aceites minerales.\u00a0<\/span><\/p>\n","protected":false},"featured_media":8617,"comment_status":"open","ping_status":"closed","template":"","meta":{"nf_dc_page":""},"product_brand":[],"product_cat":[20],"product_tag":[205],"class_list":{"0":"post-8583","1":"product","2":"type-product","3":"status-publish","4":"has-post-thumbnail","6":"product_cat-uncategorized","7":"product_tag-body-glide","9":"first","10":"outofstock","11":"taxable","12":"shipping-taxable","13":"product-type-variable"},"jetpack_sharing_enabled":true,"_links":{"self":[{"href":"https:\/\/goodbike2.goodbikestore.com\/shop\/wp-json\/wp\/v2\/product\/8583","targetHints":{"allow":["GET"]}}],"collection":[{"href":"https:\/\/goodbike2.goodbikestore.com\/shop\/wp-json\/wp\/v2\/product"}],"about":[{"href":"https:\/\/goodbike2.goodbikestore.com\/shop\/wp-json\/wp\/v2\/types\/product"}],"replies":[{"embeddable":true,"href":"https:\/\/goodbike2.goodbikestore.com\/shop\/wp-json\/wp\/v2\/comments?post=8583"}],"wp:featuredmedia":[{"embeddable":true,"href":"https:\/\/goodbike2.goodbikestore.com\/shop\/wp-json\/wp\/v2\/media\/8617"}],"wp:attachment":[{"href":"https:\/\/goodbike2.goodbikestore.com\/shop\/wp-json\/wp\/v2\/media?parent=8583"}],"wp:term":[{"taxonomy":"product_brand","embeddable":true,"href":"https:\/\/goodbike2.goodbikestore.com\/shop\/wp-json\/wp\/v2\/product_brand?post=8583"},{"taxonomy":"product_cat","embeddable":true,"href":"https:\/\/goodbike2.goodbikestore.com\/shop\/wp-json\/wp\/v2\/product_cat?post=8583"},{"taxonomy":"product_tag","embeddable":true,"href":"https:\/\/goodbike2.goodbikestore.com\/shop\/wp-json\/wp\/v2\/product_tag?post=8583"}],"curies":[{"name":"wp","href":"https:\/\/api.w.org\/{rel}","templated":true}]}}