{"id":8340,"date":"2023-08-24T19:57:15","date_gmt":"2023-08-24T19:57:15","guid":{"rendered":"https:\/\/goodbike2.goodbikestore.com\/shop\/?post_type=product&#038;p=8340"},"modified":"2023-08-24T21:19:26","modified_gmt":"2023-08-24T21:19:26","slug":"shimano-mochila-de-hidratacion-unzen-trial-dypack","status":"publish","type":"product","link":"https:\/\/goodbike2.goodbikestore.com\/shop\/product\/shimano-mochila-de-hidratacion-unzen-trial-dypack\/","title":{"rendered":"SHIMANO MOCHILA DE HIDRATACION UNZEN\/TRIAL DYPACK"},"content":{"rendered":"","protected":false},"excerpt":{"rendered":"<p style=\"text-align: center;\">La serie Unzen tiene todo lo que necesitas. Tanto si necesita llevar equipo adicional o solo lo imprescindible, est\u00e1 dise\u00f1ada para llevar la carga y mantenerte fresco y c\u00f3modo en cualquier situaci\u00f3n en la monta\u00f1a.\u00a0Unzen es la compa\u00f1era perfecta para las aventuras ciclistas de varios d\u00edas. Lleva todo lo que necesitas. Con un ajuste y estabilidad que la hacen desaparecer.<\/p>\n","protected":false},"featured_media":8533,"comment_status":"open","ping_status":"closed","template":"","meta":{"nf_dc_page":""},"product_brand":[],"product_cat":[20],"product_tag":[112],"class_list":{"0":"post-8340","1":"product","2":"type-product","3":"status-publish","4":"has-post-thumbnail","6":"product_cat-uncategorized","7":"product_tag-shimano","9":"first","10":"instock","11":"taxable","12":"shipping-taxable","13":"product-type-variable"},"jetpack_sharing_enabled":true,"_links":{"self":[{"href":"https:\/\/goodbike2.goodbikestore.com\/shop\/wp-json\/wp\/v2\/product\/8340","targetHints":{"allow":["GET"]}}],"collection":[{"href":"https:\/\/goodbike2.goodbikestore.com\/shop\/wp-json\/wp\/v2\/product"}],"about":[{"href":"https:\/\/goodbike2.goodbikestore.com\/shop\/wp-json\/wp\/v2\/types\/product"}],"replies":[{"embeddable":true,"href":"https:\/\/goodbike2.goodbikestore.com\/shop\/wp-json\/wp\/v2\/comments?post=8340"}],"wp:featuredmedia":[{"embeddable":true,"href":"https:\/\/goodbike2.goodbikestore.com\/shop\/wp-json\/wp\/v2\/media\/8533"}],"wp:attachment":[{"href":"https:\/\/goodbike2.goodbikestore.com\/shop\/wp-json\/wp\/v2\/media?parent=8340"}],"wp:term":[{"taxonomy":"product_brand","embeddable":true,"href":"https:\/\/goodbike2.goodbikestore.com\/shop\/wp-json\/wp\/v2\/product_brand?post=8340"},{"taxonomy":"product_cat","embeddable":true,"href":"https:\/\/goodbike2.goodbikestore.com\/shop\/wp-json\/wp\/v2\/product_cat?post=8340"},{"taxonomy":"product_tag","embeddable":true,"href":"https:\/\/goodbike2.goodbikestore.com\/shop\/wp-json\/wp\/v2\/product_tag?post=8340"}],"curies":[{"name":"wp","href":"https:\/\/api.w.org\/{rel}","templated":true}]}}