{"id":8337,"date":"2023-08-24T19:57:15","date_gmt":"2023-08-24T19:57:15","guid":{"rendered":"https:\/\/goodbike2.goodbikestore.com\/shop\/?post_type=product&#038;p=8337"},"modified":"2023-08-24T21:19:25","modified_gmt":"2023-08-24T21:19:25","slug":"mochila-de-hidratacion-shimano-rokko-explorer","status":"publish","type":"product","link":"https:\/\/goodbike2.goodbikestore.com\/shop\/product\/mochila-de-hidratacion-shimano-rokko-explorer\/","title":{"rendered":"MOCHILA DE HIDRATACION SHIMANO ROKKO\/EXPLORER"},"content":{"rendered":"","protected":false},"excerpt":{"rendered":"<p style=\"text-align: center;\">Shimano Rokko 8 es una mochila de hidrataci\u00f3n vers\u00e1til, ideal, elegante y ligera dise\u00f1ada para diversas activiades deportivas. Se adapta muy bien del uso de trail a urbano, ya que es resistente y c\u00f3modo de llevar.\u00a0Esta bolsa compatible con hidrataci\u00f3n tiene una secci\u00f3n suficiente para sujetar de forma segura el sistema de hidrataci\u00f3n que te mantiene hidratado y c\u00f3modo mientras disfrutas de las actividades aer\u00f3bicas altas. El compartimento principal tiene bolsillos organizados para guardar sus art\u00edculos esenciales como equipo deportivo, alimentos energ\u00e9ticos, etc.<\/p>\n<p style=\"text-align: center;\">Las mochilas Shimano cuentan con mecanismos de ajuste muy precisos y facilitan la m\u00e1xima libertad de movimientos, por lo que son el accesorio perfecto para salidas c\u00f3modas en las que el usuario est\u00e1 preparado para cualquier imprevisto. Toda la colecci\u00f3n de mochilas Shimano se caracteriza por su ligereza, ergonom\u00eda y adaptabilidad. Ya sea en la monta\u00f1a o en la ciudad, Shimano cuenta con la mochila perfecta para cualquier ocasi\u00f3n y fisonom\u00eda.<\/p>\n","protected":false},"featured_media":8531,"comment_status":"open","ping_status":"closed","template":"","meta":{"nf_dc_page":""},"product_brand":[],"product_cat":[20],"product_tag":[112],"class_list":{"0":"post-8337","1":"product","2":"type-product","3":"status-publish","4":"has-post-thumbnail","6":"product_cat-uncategorized","7":"product_tag-shimano","9":"first","10":"instock","11":"taxable","12":"shipping-taxable","13":"product-type-variable"},"jetpack_sharing_enabled":true,"_links":{"self":[{"href":"https:\/\/goodbike2.goodbikestore.com\/shop\/wp-json\/wp\/v2\/product\/8337","targetHints":{"allow":["GET"]}}],"collection":[{"href":"https:\/\/goodbike2.goodbikestore.com\/shop\/wp-json\/wp\/v2\/product"}],"about":[{"href":"https:\/\/goodbike2.goodbikestore.com\/shop\/wp-json\/wp\/v2\/types\/product"}],"replies":[{"embeddable":true,"href":"https:\/\/goodbike2.goodbikestore.com\/shop\/wp-json\/wp\/v2\/comments?post=8337"}],"wp:featuredmedia":[{"embeddable":true,"href":"https:\/\/goodbike2.goodbikestore.com\/shop\/wp-json\/wp\/v2\/media\/8531"}],"wp:attachment":[{"href":"https:\/\/goodbike2.goodbikestore.com\/shop\/wp-json\/wp\/v2\/media?parent=8337"}],"wp:term":[{"taxonomy":"product_brand","embeddable":true,"href":"https:\/\/goodbike2.goodbikestore.com\/shop\/wp-json\/wp\/v2\/product_brand?post=8337"},{"taxonomy":"product_cat","embeddable":true,"href":"https:\/\/goodbike2.goodbikestore.com\/shop\/wp-json\/wp\/v2\/product_cat?post=8337"},{"taxonomy":"product_tag","embeddable":true,"href":"https:\/\/goodbike2.goodbikestore.com\/shop\/wp-json\/wp\/v2\/product_tag?post=8337"}],"curies":[{"name":"wp","href":"https:\/\/api.w.org\/{rel}","templated":true}]}}