{"id":8330,"date":"2023-08-24T19:57:14","date_gmt":"2023-08-24T19:57:14","guid":{"rendered":"https:\/\/goodbike2.goodbikestore.com\/shop\/?post_type=product&#038;p=8330"},"modified":"2023-08-24T21:19:15","modified_gmt":"2023-08-24T21:19:15","slug":"mochila-de-hidratacion-camelbak-circuit","status":"publish","type":"product","link":"https:\/\/goodbike2.goodbikestore.com\/shop\/product\/mochila-de-hidratacion-camelbak-circuit\/","title":{"rendered":"MOCHILA DE HIDRATACION CAMELBAK CIRCUIT"},"content":{"rendered":"","protected":false},"excerpt":{"rendered":"<p style=\"text-align: center;\">Camelbak Circuit es una mochila peque\u00f1a, c\u00f3moda, ligera y transpirable. El tejido perforado, da la sensaci\u00f3n de que permitir\u00e1 la evacuaci\u00f3n del sudor de forma f\u00e1cil y que a la vez\u00a0ser\u00e1 manejable y confortable. Sus dos ajustes frontales y posteriores, permitir\u00e1n ajustarla al cuerpo. El bolsillo con cremallera seguro se adapta a la mayor\u00eda de los tel\u00e9fonos inteligentes y los bolsillos delanteros abiertos del arn\u00e9s est\u00e1n dise\u00f1ados espec\u00edficamente para frascos Quick Stow si necesitas hidrataci\u00f3n adicional.<\/p>\n","protected":false},"featured_media":8515,"comment_status":"open","ping_status":"closed","template":"","meta":{"nf_dc_page":""},"product_brand":[],"product_cat":[20],"product_tag":[68],"class_list":{"0":"post-8330","1":"product","2":"type-product","3":"status-publish","4":"has-post-thumbnail","6":"product_cat-uncategorized","7":"product_tag-camelbak","9":"first","10":"outofstock","11":"taxable","12":"shipping-taxable","13":"product-type-variable"},"jetpack_sharing_enabled":true,"_links":{"self":[{"href":"https:\/\/goodbike2.goodbikestore.com\/shop\/wp-json\/wp\/v2\/product\/8330","targetHints":{"allow":["GET"]}}],"collection":[{"href":"https:\/\/goodbike2.goodbikestore.com\/shop\/wp-json\/wp\/v2\/product"}],"about":[{"href":"https:\/\/goodbike2.goodbikestore.com\/shop\/wp-json\/wp\/v2\/types\/product"}],"replies":[{"embeddable":true,"href":"https:\/\/goodbike2.goodbikestore.com\/shop\/wp-json\/wp\/v2\/comments?post=8330"}],"wp:featuredmedia":[{"embeddable":true,"href":"https:\/\/goodbike2.goodbikestore.com\/shop\/wp-json\/wp\/v2\/media\/8515"}],"wp:attachment":[{"href":"https:\/\/goodbike2.goodbikestore.com\/shop\/wp-json\/wp\/v2\/media?parent=8330"}],"wp:term":[{"taxonomy":"product_brand","embeddable":true,"href":"https:\/\/goodbike2.goodbikestore.com\/shop\/wp-json\/wp\/v2\/product_brand?post=8330"},{"taxonomy":"product_cat","embeddable":true,"href":"https:\/\/goodbike2.goodbikestore.com\/shop\/wp-json\/wp\/v2\/product_cat?post=8330"},{"taxonomy":"product_tag","embeddable":true,"href":"https:\/\/goodbike2.goodbikestore.com\/shop\/wp-json\/wp\/v2\/product_tag?post=8330"}],"curies":[{"name":"wp","href":"https:\/\/api.w.org\/{rel}","templated":true}]}}