{"id":8323,"date":"2023-08-24T19:57:13","date_gmt":"2023-08-24T19:57:13","guid":{"rendered":"https:\/\/goodbike2.goodbikestore.com\/shop\/?post_type=product&#038;p=8323"},"modified":"2023-08-24T21:19:03","modified_gmt":"2023-08-24T21:19:03","slug":"zapatillas-shimano-sh-tr501","status":"publish","type":"product","link":"https:\/\/goodbike2.goodbikestore.com\/shop\/product\/zapatillas-shimano-sh-tr501\/","title":{"rendered":"ZAPATILLAS SHIMANO SH-TR501"},"content":{"rendered":"","protected":false},"excerpt":{"rendered":"<p style=\"text-align: center;\">Zapatillas para triatl\u00f3n con tecnolog\u00eda avanzada de rendimiento y ajuste.<\/p>\n<p>\u00a0 Caracter\u00edsticas<\/p>\n<ul>\n<li class=\"type-feature\">La construcci\u00f3n del empeine y la entresuela sin costuras integrados establecen un nuevo nivel de ajuste, estabilidad y ligereza.<\/li>\n<li class=\"type-feature\">La entresuela de altura de perfil bajo estabiliza el pie y maximiza la eficiencia de transferencia de potencia.<\/li>\n<li class=\"type-feature\">La tira r\u00e1pida T1 y la brida s\u00faper ancha simplifican la entrada del pie y permiten transiciones m\u00e1s r\u00e1pidas.<\/li>\n<li class=\"type-feature\">Ajusta r\u00e1pidamente las zapatillas durante las transiciones gracias a un cord\u00f3n de tal\u00f3n asim\u00e9trico f\u00e1cil de sujetar.<\/li>\n<li class=\"type-feature\">Malla transpirable 3D que mejora el flujo de aire y se seca m\u00e1s r\u00e1pidamente.<\/li>\n<li class=\"type-feature\">Suela de nylon reforzada con fibra de vidrio ligera para mejorar la transferencia de potencia.<\/li>\n<li class=\"type-feature\">Plantilla con refuerzo adaptable.<\/li>\n<\/ul>\n","protected":false},"featured_media":8499,"comment_status":"open","ping_status":"closed","template":"","meta":{"nf_dc_page":""},"product_brand":[],"product_cat":[20],"product_tag":[112],"class_list":{"0":"post-8323","1":"product","2":"type-product","3":"status-publish","4":"has-post-thumbnail","6":"product_cat-uncategorized","7":"product_tag-shimano","9":"first","10":"instock","11":"taxable","12":"shipping-taxable","13":"product-type-variable"},"jetpack_sharing_enabled":true,"_links":{"self":[{"href":"https:\/\/goodbike2.goodbikestore.com\/shop\/wp-json\/wp\/v2\/product\/8323","targetHints":{"allow":["GET"]}}],"collection":[{"href":"https:\/\/goodbike2.goodbikestore.com\/shop\/wp-json\/wp\/v2\/product"}],"about":[{"href":"https:\/\/goodbike2.goodbikestore.com\/shop\/wp-json\/wp\/v2\/types\/product"}],"replies":[{"embeddable":true,"href":"https:\/\/goodbike2.goodbikestore.com\/shop\/wp-json\/wp\/v2\/comments?post=8323"}],"wp:featuredmedia":[{"embeddable":true,"href":"https:\/\/goodbike2.goodbikestore.com\/shop\/wp-json\/wp\/v2\/media\/8499"}],"wp:attachment":[{"href":"https:\/\/goodbike2.goodbikestore.com\/shop\/wp-json\/wp\/v2\/media?parent=8323"}],"wp:term":[{"taxonomy":"product_brand","embeddable":true,"href":"https:\/\/goodbike2.goodbikestore.com\/shop\/wp-json\/wp\/v2\/product_brand?post=8323"},{"taxonomy":"product_cat","embeddable":true,"href":"https:\/\/goodbike2.goodbikestore.com\/shop\/wp-json\/wp\/v2\/product_cat?post=8323"},{"taxonomy":"product_tag","embeddable":true,"href":"https:\/\/goodbike2.goodbikestore.com\/shop\/wp-json\/wp\/v2\/product_tag?post=8323"}],"curies":[{"name":"wp","href":"https:\/\/api.w.org\/{rel}","templated":true}]}}