{"id":8252,"date":"2023-08-24T19:56:26","date_gmt":"2023-08-24T19:56:26","guid":{"rendered":"https:\/\/goodbike2.goodbikestore.com\/shop\/?post_type=product&#038;p=8252"},"modified":"2023-08-24T19:56:44","modified_gmt":"2023-08-24T19:56:44","slug":"zapatillas-sidi-wire2","status":"publish","type":"product","link":"https:\/\/goodbike2.goodbikestore.com\/shop\/product\/zapatillas-sidi-wire2\/","title":{"rendered":"ZAPATILLAS SIDI WIRE2"},"content":{"rendered":"","protected":false},"excerpt":{"rendered":"<p>El sistema de cierre del empeine suave es una correa ancha anat\u00f3micamente curvada combinada con una suave almohadilla de EVA termoformada que distribuye la presi\u00f3n uniformemente sobre el \u00e1rea del empeine.<\/p>\n<p>El sistema Tecno-3 de Sidi marca el ajuste a lo largo de la parte superior de los pies para un ajuste personalizado. Los cierres reemplazables y confiables de Sidi se mejoran con el material Sidi Wire patentado completamente que no se atasca para realizar ajustes sobre la marcha intuitivos y sin esfuerzo.<\/p>\n<p>&nbsp;<\/p>\n","protected":false},"featured_media":8271,"comment_status":"open","ping_status":"closed","template":"","meta":{"nf_dc_page":""},"product_brand":[],"product_cat":[24,26,107,108,106],"product_tag":[109],"class_list":{"0":"post-8252","1":"product","2":"type-product","3":"status-publish","4":"has-post-thumbnail","6":"product_cat-marca","7":"product_cat-ropa-y-outfit","8":"product_cat-ruta","9":"product_cat-sidi","10":"product_cat-zapatos-de-ciclismo","11":"product_tag-sidi","13":"first","14":"instock","15":"taxable","16":"shipping-taxable","17":"product-type-variable"},"jetpack_sharing_enabled":true,"_links":{"self":[{"href":"https:\/\/goodbike2.goodbikestore.com\/shop\/wp-json\/wp\/v2\/product\/8252","targetHints":{"allow":["GET"]}}],"collection":[{"href":"https:\/\/goodbike2.goodbikestore.com\/shop\/wp-json\/wp\/v2\/product"}],"about":[{"href":"https:\/\/goodbike2.goodbikestore.com\/shop\/wp-json\/wp\/v2\/types\/product"}],"replies":[{"embeddable":true,"href":"https:\/\/goodbike2.goodbikestore.com\/shop\/wp-json\/wp\/v2\/comments?post=8252"}],"wp:featuredmedia":[{"embeddable":true,"href":"https:\/\/goodbike2.goodbikestore.com\/shop\/wp-json\/wp\/v2\/media\/8271"}],"wp:attachment":[{"href":"https:\/\/goodbike2.goodbikestore.com\/shop\/wp-json\/wp\/v2\/media?parent=8252"}],"wp:term":[{"taxonomy":"product_brand","embeddable":true,"href":"https:\/\/goodbike2.goodbikestore.com\/shop\/wp-json\/wp\/v2\/product_brand?post=8252"},{"taxonomy":"product_cat","embeddable":true,"href":"https:\/\/goodbike2.goodbikestore.com\/shop\/wp-json\/wp\/v2\/product_cat?post=8252"},{"taxonomy":"product_tag","embeddable":true,"href":"https:\/\/goodbike2.goodbikestore.com\/shop\/wp-json\/wp\/v2\/product_tag?post=8252"}],"curies":[{"name":"wp","href":"https:\/\/api.w.org\/{rel}","templated":true}]}}