{"id":8222,"date":"2023-08-24T19:56:01","date_gmt":"2023-08-24T19:56:01","guid":{"rendered":"https:\/\/goodbike2.goodbikestore.com\/shop\/?post_type=product&#038;p=8222"},"modified":"2023-08-24T19:56:38","modified_gmt":"2023-08-24T19:56:38","slug":"zapatillas-sidi-shot2","status":"publish","type":"product","link":"https:\/\/goodbike2.goodbikestore.com\/shop\/product\/zapatillas-sidi-shot2\/","title":{"rendered":"ZAPATILLAS SIDI SHOT2"},"content":{"rendered":"","protected":false},"excerpt":{"rendered":"<p style=\"text-align: center;\">Un modelo de ciclismo de carretera entra en el mundo del ciclismo y en la colecci\u00f3n de Sidi. Hablamos del Shot 2.<\/p>\n<p style=\"text-align: center;\">C-Boost SRS est\u00e1 fabricado con carbono de \u00faltima generaci\u00f3n.\u00a0La forma especial de la zona del metatarsiano permite una mayor transmisi\u00f3n de potencia sobre los pedales y garantiza la sujeci\u00f3n ideal.<\/p>\n<p style=\"text-align: center;\">El mecanismo ajustable te permite cerrar la parte trasera del zapato de forma m\u00e1s segura.\u00a0Cada lado se puede ajustar de forma independiente a trav\u00e9s de los tornillos y es reemplazable.<\/p>\n<p style=\"text-align: center;\">El rotor Double Tecno-3 Push Flex se ha reducido en tama\u00f1o para ser compatible con cada empeine.<\/p>\n<p style=\"text-align: center;\">El tal\u00f3n integrado tiene un nuevo dise\u00f1o, a\u00fan m\u00e1s ligero y reforzado para evitar deformaciones tras esfuerzos y presiones prolongadas.<\/p>\n","protected":false},"featured_media":8266,"comment_status":"open","ping_status":"closed","template":"","meta":{"nf_dc_page":""},"product_brand":[],"product_cat":[24,26,107,108,106],"product_tag":[109],"class_list":{"0":"post-8222","1":"product","2":"type-product","3":"status-publish","4":"has-post-thumbnail","6":"product_cat-marca","7":"product_cat-ropa-y-outfit","8":"product_cat-ruta","9":"product_cat-sidi","10":"product_cat-zapatos-de-ciclismo","11":"product_tag-sidi","13":"first","14":"instock","15":"taxable","16":"shipping-taxable","17":"product-type-variable"},"jetpack_sharing_enabled":true,"_links":{"self":[{"href":"https:\/\/goodbike2.goodbikestore.com\/shop\/wp-json\/wp\/v2\/product\/8222","targetHints":{"allow":["GET"]}}],"collection":[{"href":"https:\/\/goodbike2.goodbikestore.com\/shop\/wp-json\/wp\/v2\/product"}],"about":[{"href":"https:\/\/goodbike2.goodbikestore.com\/shop\/wp-json\/wp\/v2\/types\/product"}],"replies":[{"embeddable":true,"href":"https:\/\/goodbike2.goodbikestore.com\/shop\/wp-json\/wp\/v2\/comments?post=8222"}],"wp:featuredmedia":[{"embeddable":true,"href":"https:\/\/goodbike2.goodbikestore.com\/shop\/wp-json\/wp\/v2\/media\/8266"}],"wp:attachment":[{"href":"https:\/\/goodbike2.goodbikestore.com\/shop\/wp-json\/wp\/v2\/media?parent=8222"}],"wp:term":[{"taxonomy":"product_brand","embeddable":true,"href":"https:\/\/goodbike2.goodbikestore.com\/shop\/wp-json\/wp\/v2\/product_brand?post=8222"},{"taxonomy":"product_cat","embeddable":true,"href":"https:\/\/goodbike2.goodbikestore.com\/shop\/wp-json\/wp\/v2\/product_cat?post=8222"},{"taxonomy":"product_tag","embeddable":true,"href":"https:\/\/goodbike2.goodbikestore.com\/shop\/wp-json\/wp\/v2\/product_tag?post=8222"}],"curies":[{"name":"wp","href":"https:\/\/api.w.org\/{rel}","templated":true}]}}