{"id":8219,"date":"2023-08-24T19:56:00","date_gmt":"2023-08-24T19:56:00","guid":{"rendered":"https:\/\/goodbike2.goodbikestore.com\/shop\/?post_type=product&#038;p=8219"},"modified":"2023-08-24T19:56:33","modified_gmt":"2023-08-24T19:56:33","slug":"zapatillas-fizik-terra-powerstrap-x4","status":"publish","type":"product","link":"https:\/\/goodbike2.goodbikestore.com\/shop\/product\/zapatillas-fizik-terra-powerstrap-x4\/","title":{"rendered":"ZAPATILLAS FIZIK TERRA POWERSTRAP X4"},"content":{"rendered":"","protected":false},"excerpt":{"rendered":"<p style=\"text-align: center;\">Power Strap X4 es un zapato vers\u00e1til y ubicuo centrado en grava, dise\u00f1ado para jinetes de barra de ca\u00edda cuyas aventuras y aspiraciones los llevan m\u00e1s all\u00e1 de las carrete.<\/p>\n<p>\u00a0 \u00a0 Caracter\u00edsticas<\/p>\n<ul>\n<li><span class=\"a-list-item\">Powerstrap: cierre de velcro dise\u00f1ado para un ajuste envolvente.<\/span><\/li>\n<li><span class=\"a-list-item\">Suela X4: rigidez espec\u00edfica y banda de rodadura de goma para superficies mixtas.<\/span><\/li>\n<li><span class=\"a-list-item\">Suela de nailon X4: con banda de rodadura de goma, \u00edndice de rigidez 6.<\/span><\/li>\n<li><span class=\"a-list-item\">Serie Terra, dise\u00f1ada para llevarte m\u00e1s all\u00e1 de tus l\u00edmites <\/span><\/li>\n<li><span class=\"a-list-item\">Peso: 339 g<\/span><\/li>\n<\/ul>\n","protected":false},"featured_media":8261,"comment_status":"open","ping_status":"closed","template":"","meta":{"nf_dc_page":""},"product_brand":[],"product_cat":[88,24,110,26,106],"product_tag":[91],"class_list":{"0":"post-8219","1":"product","2":"type-product","3":"status-publish","4":"has-post-thumbnail","6":"product_cat-fizik","7":"product_cat-marca","8":"product_cat-mtb","9":"product_cat-ropa-y-outfit","10":"product_cat-zapatos-de-ciclismo","11":"product_tag-fizik","13":"first","14":"outofstock","15":"taxable","16":"shipping-taxable","17":"product-type-variable"},"jetpack_sharing_enabled":true,"_links":{"self":[{"href":"https:\/\/goodbike2.goodbikestore.com\/shop\/wp-json\/wp\/v2\/product\/8219","targetHints":{"allow":["GET"]}}],"collection":[{"href":"https:\/\/goodbike2.goodbikestore.com\/shop\/wp-json\/wp\/v2\/product"}],"about":[{"href":"https:\/\/goodbike2.goodbikestore.com\/shop\/wp-json\/wp\/v2\/types\/product"}],"replies":[{"embeddable":true,"href":"https:\/\/goodbike2.goodbikestore.com\/shop\/wp-json\/wp\/v2\/comments?post=8219"}],"wp:featuredmedia":[{"embeddable":true,"href":"https:\/\/goodbike2.goodbikestore.com\/shop\/wp-json\/wp\/v2\/media\/8261"}],"wp:attachment":[{"href":"https:\/\/goodbike2.goodbikestore.com\/shop\/wp-json\/wp\/v2\/media?parent=8219"}],"wp:term":[{"taxonomy":"product_brand","embeddable":true,"href":"https:\/\/goodbike2.goodbikestore.com\/shop\/wp-json\/wp\/v2\/product_brand?post=8219"},{"taxonomy":"product_cat","embeddable":true,"href":"https:\/\/goodbike2.goodbikestore.com\/shop\/wp-json\/wp\/v2\/product_cat?post=8219"},{"taxonomy":"product_tag","embeddable":true,"href":"https:\/\/goodbike2.goodbikestore.com\/shop\/wp-json\/wp\/v2\/product_tag?post=8219"}],"curies":[{"name":"wp","href":"https:\/\/api.w.org\/{rel}","templated":true}]}}