{"id":8191,"date":"2023-08-24T19:55:37","date_gmt":"2023-08-24T19:55:37","guid":{"rendered":"https:\/\/goodbike2.goodbikestore.com\/shop\/?post_type=product&#038;p=8191"},"modified":"2023-08-24T19:56:22","modified_gmt":"2023-08-24T19:56:22","slug":"zapatillas-fizik-terra-ergolace-x2","status":"publish","type":"product","link":"https:\/\/goodbike2.goodbikestore.com\/shop\/product\/zapatillas-fizik-terra-ergolace-x2\/","title":{"rendered":"ZAPATILLAS FIZIK TERRA ERGOLACE X2"},"content":{"rendered":"","protected":false},"excerpt":{"rendered":"<p>Terra Ergolace X2 es una zapatilla de bicicleta de monta\u00f1a resistente, adaptable y con cordones que es fiel a las ra\u00edces de la conducci\u00f3n todoterreno: aborda todo tipo de terreno, feliz subiendo y bajando cuestas, dentro y fuera de la bicicleta.<\/p>\n","protected":false},"featured_media":8239,"comment_status":"open","ping_status":"closed","template":"","meta":{"nf_dc_page":""},"product_brand":[],"product_cat":[88,24,110,26,106],"product_tag":[91],"class_list":{"0":"post-8191","1":"product","2":"type-product","3":"status-publish","4":"has-post-thumbnail","6":"product_cat-fizik","7":"product_cat-marca","8":"product_cat-mtb","9":"product_cat-ropa-y-outfit","10":"product_cat-zapatos-de-ciclismo","11":"product_tag-fizik","13":"first","14":"instock","15":"taxable","16":"shipping-taxable","17":"product-type-variable"},"jetpack_sharing_enabled":true,"_links":{"self":[{"href":"https:\/\/goodbike2.goodbikestore.com\/shop\/wp-json\/wp\/v2\/product\/8191","targetHints":{"allow":["GET"]}}],"collection":[{"href":"https:\/\/goodbike2.goodbikestore.com\/shop\/wp-json\/wp\/v2\/product"}],"about":[{"href":"https:\/\/goodbike2.goodbikestore.com\/shop\/wp-json\/wp\/v2\/types\/product"}],"replies":[{"embeddable":true,"href":"https:\/\/goodbike2.goodbikestore.com\/shop\/wp-json\/wp\/v2\/comments?post=8191"}],"wp:featuredmedia":[{"embeddable":true,"href":"https:\/\/goodbike2.goodbikestore.com\/shop\/wp-json\/wp\/v2\/media\/8239"}],"wp:attachment":[{"href":"https:\/\/goodbike2.goodbikestore.com\/shop\/wp-json\/wp\/v2\/media?parent=8191"}],"wp:term":[{"taxonomy":"product_brand","embeddable":true,"href":"https:\/\/goodbike2.goodbikestore.com\/shop\/wp-json\/wp\/v2\/product_brand?post=8191"},{"taxonomy":"product_cat","embeddable":true,"href":"https:\/\/goodbike2.goodbikestore.com\/shop\/wp-json\/wp\/v2\/product_cat?post=8191"},{"taxonomy":"product_tag","embeddable":true,"href":"https:\/\/goodbike2.goodbikestore.com\/shop\/wp-json\/wp\/v2\/product_tag?post=8191"}],"curies":[{"name":"wp","href":"https:\/\/api.w.org\/{rel}","templated":true}]}}