{"id":8185,"date":"2023-08-24T19:55:37","date_gmt":"2023-08-24T19:55:37","guid":{"rendered":"https:\/\/goodbike2.goodbikestore.com\/shop\/?post_type=product&#038;p=8185"},"modified":"2023-08-24T19:56:14","modified_gmt":"2023-08-24T19:56:14","slug":"zapatillas-fizik-transiro-r4-powerstrap","status":"publish","type":"product","link":"https:\/\/goodbike2.goodbikestore.com\/shop\/product\/zapatillas-fizik-transiro-r4-powerstrap\/","title":{"rendered":"ZAPATILLAS FIZIK TRANSIRO R4 POWERSTRAP"},"content":{"rendered":"","protected":false},"excerpt":{"rendered":"<p style=\"text-align: center;\">Una zapatilla de ciclismo de triatl\u00f3n con un sistema de cierre de velcro intuitivo y m\u00e1s r\u00e1pido Powerstrap, malla y parte superior de Microtex para una ventilaci\u00f3n superior y una suela de carbono R4 para una transferencia de potencia eficiente con comodidad.<\/p>\n<p>\u00a0 \u00a0Caracter\u00edsticas<\/p>\n<ul>\n<li>Parte superior de malla y Microtex: ventilaci\u00f3n mejorada con el soporte necesario<\/li>\n<li>Suela externa de nylon inyectado de carbono R4: moderadamente r\u00edgida para una transferencia de potencia eficiente con comodidad.<\/li>\n<li>Powerstrap: cierre intuitivo, r\u00e1pido y seguro.<\/li>\n<li>Suela externa R4: nylon inyectado en carbono.<\/li>\n<li>Peso: 237 g (tama\u00f1o 42 &#8211; 1\/2 par)<\/li>\n<\/ul>\n","protected":false},"featured_media":8233,"comment_status":"open","ping_status":"closed","template":"","meta":{"nf_dc_page":""},"product_brand":[],"product_cat":[88,24,26,107,106],"product_tag":[91],"class_list":{"0":"post-8185","1":"product","2":"type-product","3":"status-publish","4":"has-post-thumbnail","6":"product_cat-fizik","7":"product_cat-marca","8":"product_cat-ropa-y-outfit","9":"product_cat-ruta","10":"product_cat-zapatos-de-ciclismo","11":"product_tag-fizik","13":"first","14":"instock","15":"taxable","16":"shipping-taxable","17":"product-type-variable"},"jetpack_sharing_enabled":true,"_links":{"self":[{"href":"https:\/\/goodbike2.goodbikestore.com\/shop\/wp-json\/wp\/v2\/product\/8185","targetHints":{"allow":["GET"]}}],"collection":[{"href":"https:\/\/goodbike2.goodbikestore.com\/shop\/wp-json\/wp\/v2\/product"}],"about":[{"href":"https:\/\/goodbike2.goodbikestore.com\/shop\/wp-json\/wp\/v2\/types\/product"}],"replies":[{"embeddable":true,"href":"https:\/\/goodbike2.goodbikestore.com\/shop\/wp-json\/wp\/v2\/comments?post=8185"}],"wp:featuredmedia":[{"embeddable":true,"href":"https:\/\/goodbike2.goodbikestore.com\/shop\/wp-json\/wp\/v2\/media\/8233"}],"wp:attachment":[{"href":"https:\/\/goodbike2.goodbikestore.com\/shop\/wp-json\/wp\/v2\/media?parent=8185"}],"wp:term":[{"taxonomy":"product_brand","embeddable":true,"href":"https:\/\/goodbike2.goodbikestore.com\/shop\/wp-json\/wp\/v2\/product_brand?post=8185"},{"taxonomy":"product_cat","embeddable":true,"href":"https:\/\/goodbike2.goodbikestore.com\/shop\/wp-json\/wp\/v2\/product_cat?post=8185"},{"taxonomy":"product_tag","embeddable":true,"href":"https:\/\/goodbike2.goodbikestore.com\/shop\/wp-json\/wp\/v2\/product_tag?post=8185"}],"curies":[{"name":"wp","href":"https:\/\/api.w.org\/{rel}","templated":true}]}}