{"id":8180,"date":"2023-08-24T19:55:36","date_gmt":"2023-08-24T19:55:36","guid":{"rendered":"https:\/\/goodbike2.goodbikestore.com\/shop\/?post_type=product&#038;p=8180"},"modified":"2023-08-24T19:56:06","modified_gmt":"2023-08-24T19:56:06","slug":"fizik-zapatos-de-ciclismo-transiro-r3-infinito","status":"publish","type":"product","link":"https:\/\/goodbike2.goodbikestore.com\/shop\/product\/fizik-zapatos-de-ciclismo-transiro-r3-infinito\/","title":{"rendered":"FIZIK ZAPATOS DE CICLISMO TRANSIRO R3 INFINITO"},"content":{"rendered":"","protected":false},"excerpt":{"rendered":"<p style=\"text-align: center;\">La suela exterior de carbono unidireccional R3, r\u00edgida y de carrera, ofrece la m\u00e1xima transferencia de potencia y ha sido modificada con recortes de ventilaci\u00f3n extra anchos, con una transpirabilidad mayor que la de su contraparte en la carretera.<\/p>\n<p>\u00a0 \u00a0 Caracter\u00edsticas<\/p>\n<ul>\n<li>Parte superior de malla laminada de PU: ventilaci\u00f3n mejorada con soporte donde sea necesario.<\/li>\n<li>Suela de carbono U3 completa R3: interfaz muy r\u00edgida ideal para una transferencia de potencia directa.<\/li>\n<li>Instep Powerstrap: cierre intuitivo, r\u00e1pido y seguro.<\/li>\n<\/ul>\n<p>&nbsp;<\/p>\n","protected":false},"featured_media":8229,"comment_status":"open","ping_status":"closed","template":"","meta":{"nf_dc_page":""},"product_brand":[],"product_cat":[88,24,26,107,106],"product_tag":[91],"class_list":{"0":"post-8180","1":"product","2":"type-product","3":"status-publish","4":"has-post-thumbnail","6":"product_cat-fizik","7":"product_cat-marca","8":"product_cat-ropa-y-outfit","9":"product_cat-ruta","10":"product_cat-zapatos-de-ciclismo","11":"product_tag-fizik","13":"first","14":"instock","15":"taxable","16":"shipping-taxable","17":"product-type-variable"},"jetpack_sharing_enabled":true,"_links":{"self":[{"href":"https:\/\/goodbike2.goodbikestore.com\/shop\/wp-json\/wp\/v2\/product\/8180","targetHints":{"allow":["GET"]}}],"collection":[{"href":"https:\/\/goodbike2.goodbikestore.com\/shop\/wp-json\/wp\/v2\/product"}],"about":[{"href":"https:\/\/goodbike2.goodbikestore.com\/shop\/wp-json\/wp\/v2\/types\/product"}],"replies":[{"embeddable":true,"href":"https:\/\/goodbike2.goodbikestore.com\/shop\/wp-json\/wp\/v2\/comments?post=8180"}],"wp:featuredmedia":[{"embeddable":true,"href":"https:\/\/goodbike2.goodbikestore.com\/shop\/wp-json\/wp\/v2\/media\/8229"}],"wp:attachment":[{"href":"https:\/\/goodbike2.goodbikestore.com\/shop\/wp-json\/wp\/v2\/media?parent=8180"}],"wp:term":[{"taxonomy":"product_brand","embeddable":true,"href":"https:\/\/goodbike2.goodbikestore.com\/shop\/wp-json\/wp\/v2\/product_brand?post=8180"},{"taxonomy":"product_cat","embeddable":true,"href":"https:\/\/goodbike2.goodbikestore.com\/shop\/wp-json\/wp\/v2\/product_cat?post=8180"},{"taxonomy":"product_tag","embeddable":true,"href":"https:\/\/goodbike2.goodbikestore.com\/shop\/wp-json\/wp\/v2\/product_tag?post=8180"}],"curies":[{"name":"wp","href":"https:\/\/api.w.org\/{rel}","templated":true}]}}